{"id":54,"date":"2021-01-05T11:37:53","date_gmt":"2021-01-05T10:37:53","guid":{"rendered":"http:\/\/www.mahet.de\/mahet\/?page_id=54"},"modified":"2021-01-14T14:43:04","modified_gmt":"2021-01-14T13:43:04","slug":"die-meisterin","status":"publish","type":"page","link":"http:\/\/www.mahet.de\/?page_id=54","title":{"rendered":"Die Meisterin"},"content":{"rendered":"<div id=\"pl-54\"  class=\"panel-layout\" ><div id=\"pg-54-0\"  class=\"panel-grid panel-no-style\" ><div id=\"pgc-54-0-0\"  class=\"panel-grid-cell\" ><div id=\"panel-54-0-0-0\" class=\"so-panel widget widget_text panel-first-child panel-last-child\" data-index=\"0\" >\t\t\t<div class=\"textwidget\"><h2>DIE MEISTERIN<\/h2>\n<p>Eine uralte Familien-Fehde, eine unbekannte Bedrohung aus der Anderswelt und eine Frau, die alles aufs Spiel setzen muss \u2013 fesselnder Mix aus Fantasy und Thriller-Elementen rund um die Heilerin Geneve Cornelius.<\/p>\n<p>Wie schon in \u00bbDes Teufels Gebetbuch\u00ab verbindet auch \u00bbDie Meisterin\u00ab gekonnt Elemente aus Fantasy, Historie, Thriller und Horror zu einer actionreichen Geschichte, basierend auf der gleichnamigen H\u00f6rspielreihe von Audible.<\/p>\n<p class=\"bodytext\">Erschienen sind bereits:<br \/>\n<strong>DER BEGINN<\/strong><br \/>\n<strong>SPIEGEL &amp; SCHATTEN<\/strong><br \/>\n<strong>ALTE FEINDE (M\u00e4rz 2021)<\/strong><\/p>\n<\/div>\n\t\t<\/div><\/div><\/div><div id=\"pg-54-1\"  class=\"panel-grid panel-no-style\" ><div id=\"pgc-54-1-0\"  class=\"panel-grid-cell\" ><div id=\"panel-54-1-0-0\" class=\"so-panel widget widget_media_image panel-first-child panel-last-child\" data-index=\"1\" ><img loading=\"lazy\" decoding=\"async\" width=\"282\" height=\"439\" src=\"http:\/\/www.mahet.de\/mahet\/wp-content\/uploads\/2021\/01\/DerBeginn.jpg\" class=\"image wp-image-746  attachment-300x467 size-300x467\" alt=\"\" style=\"max-width: 100%; height: auto;\" srcset=\"http:\/\/www.mahet.de\/mahet\/wp-content\/uploads\/2021\/01\/DerBeginn.jpg 282w, http:\/\/www.mahet.de\/mahet\/wp-content\/uploads\/2021\/01\/DerBeginn-193x300.jpg 193w\" sizes=\"auto, (max-width: 282px) 100vw, 282px\" \/><\/div><\/div><div id=\"pgc-54-1-1\"  class=\"panel-grid-cell\" ><div id=\"panel-54-1-1-0\" class=\"so-panel widget widget_text panel-first-child panel-last-child\" data-index=\"2\" >\t\t\t<div class=\"textwidget\"><h3>DIE MEISTERIN \u2013 DER BEGINN<\/h3>\n<p>Seit Jahrhunderten bem\u00fcht sich die Heilerin Geneve Cornelius um Neutralit\u00e4t in der ewigen Fehde ihrer Familie mit der Scharfrichter-Dynastie der Bugattis. Doch dann wird ihr Bruder im Hinterhof eines Londoner Pubs brutal enthauptet. Ein Racheakt, der den uralten Zwist zwischen den Scharfrichter-Familien Bugatti und Cornelius anfachen soll \u2013 so scheint es zumindest.<br \/>\nDenn zur gleichen Zeit h\u00e4ufen sich in Geneves Heimatstadt Leipzig unheimliche Vorf\u00e4lle. Die Anderswelt mit ihren mystischen Kreaturen ist in Aufruhr. Die unsterbliche Heilerin ahnt, dass ihr eine Entscheidung bevorsteht: Beh\u00e4lt sie ihre Neutralit\u00e4t bei oder nimmt sie gegen all ihre \u00dcberzeugungen den Kampf gegen die unbekannte Bedrohung auf und findet dabei vielleicht den Tod?<\/p>\n<p>&nbsp;<\/p>\n<\/div>\n\t\t<\/div><\/div><\/div><div id=\"pg-54-2\"  class=\"panel-grid panel-no-style\" ><div id=\"pgc-54-2-0\"  class=\"panel-grid-cell\" ><div id=\"panel-54-2-0-0\" class=\"so-panel widget widget_media_image panel-first-child panel-last-child\" data-index=\"3\" ><img loading=\"lazy\" decoding=\"async\" width=\"300\" height=\"467\" src=\"http:\/\/www.mahet.de\/mahet\/wp-content\/uploads\/2021\/01\/SpiegelSchatten.jpg\" class=\"image wp-image-761  attachment-300x467 size-300x467\" alt=\"\" style=\"max-width: 100%; height: auto;\" srcset=\"http:\/\/www.mahet.de\/mahet\/wp-content\/uploads\/2021\/01\/SpiegelSchatten.jpg 320w, http:\/\/www.mahet.de\/mahet\/wp-content\/uploads\/2021\/01\/SpiegelSchatten-193x300.jpg 193w\" sizes=\"auto, (max-width: 300px) 100vw, 300px\" \/><\/div><\/div><div id=\"pgc-54-2-1\"  class=\"panel-grid-cell\" ><div id=\"panel-54-2-1-0\" class=\"so-panel widget widget_text panel-first-child panel-last-child\" data-index=\"4\" >\t\t\t<div class=\"textwidget\"><h3>DIE MEISTERIN \u2013 SPIEGEL &amp; SCHATTEN<\/h3>\n<p>Die Heilerin Geneve ist die letzte Nachfahrin der Scharfrichter-Dynastie Cornelius. Als in ihrer Wahlheimat Leipzig eine junge Frau ermordet wird, f\u00fchrt die Spur direkt zu Geneve. Die Ermordete war Mitglied des Londoner Wicca-Covens und extra nach Leipzig gereist, um Geneves<\/p>\n<p>Rat einzuholen \u2013 offenbar wollte sie die Heilerin zu einer antiken Spiegel-Scherbe befragen.<\/p>\n<p>Geneve kontaktiert ihren Freund, den Vatikan-Polizisten Alessandro Bugatti. Gemeinsam versuchen sie, den Mord an der jungen Wicca aufzukl\u00e4ren und Licht in die Hintergr\u00fcnde des Verbrechens zu bringen.<\/p>\n<p>Schnell sehen Geneve und Alessandro sich schier \u00fcberm\u00e4chtigen Gegnern gegen\u00fcber. Um gegen dieses t\u00f6dliche B\u00fcndnis anzukommen, m\u00fcssen sie einander bedingungslos vertrauen \u2013 doch ihrem Feind ist es l\u00e4ngst gelungen, in Geneve Zweifel an Alessandros Aufrichtigkeit zu s\u00e4en.<\/p>\n<p>Auch vor hunderten Jahren stand Geneve einst einer m\u00f6rderischen Kreatur gegen\u00fcber, die bis dahin keinen Fu\u00df auf das Festland gesetzt hatte. H\u00e4ngen Gegenwart und Historie einmal mehr zusammen?<\/p>\n<p>&nbsp;<\/p>\n<\/div>\n\t\t<\/div><\/div><\/div><div id=\"pg-54-3\"  class=\"panel-grid panel-no-style\" ><div id=\"pgc-54-3-0\"  class=\"panel-grid-cell\" ><div id=\"panel-54-3-0-0\" class=\"so-panel widget widget_media_image panel-first-child panel-last-child\" data-index=\"5\" ><img loading=\"lazy\" decoding=\"async\" width=\"282\" height=\"439\" src=\"http:\/\/www.mahet.de\/mahet\/wp-content\/uploads\/2021\/01\/AlteFeinde.jpg\" class=\"image wp-image-742  attachment-300x467 size-300x467\" alt=\"\" style=\"max-width: 100%; height: auto;\" srcset=\"http:\/\/www.mahet.de\/mahet\/wp-content\/uploads\/2021\/01\/AlteFeinde.jpg 282w, http:\/\/www.mahet.de\/mahet\/wp-content\/uploads\/2021\/01\/AlteFeinde-193x300.jpg 193w\" sizes=\"auto, (max-width: 282px) 100vw, 282px\" \/><\/div><\/div><div id=\"pgc-54-3-1\"  class=\"panel-grid-cell\" ><div id=\"panel-54-3-1-0\" class=\"so-panel widget widget_text panel-first-child panel-last-child\" data-index=\"6\" >\t\t\t<div class=\"textwidget\"><h3>DIE MEISTERIN \u2013 ALTE FEINDE (M\u00e4rz 2021)<\/h3>\n<p>Ein blutiger Zwischenfall in Leipzig l\u00e4sst Geneve Cornelius und Vatikan-Polizist Alessandro Bugatti keine Zeit f\u00fcr aufkeimende Gef\u00fchle: In der Stadt ist ein uralter D\u00e4mon aufgetaucht, der alle Angeh\u00f6rigen der Schattenwelt unterwerfen will.<\/p>\n<p>Die Heilerin und letzte Erbin der Scharfrichter-Dynastie Cornelius eilt zur\u00fcck in ihre Heimatstadt, kann jedoch allein gegen den D\u00e4mon nur wenig ausrichten. Geneves einzige Chance sind Verb\u00fcndete aus Leipzigs Schattenwelt, unter ihnen die m\u00e4chtige Vampirin Sia und der mysteri\u00f6se Bestatter Konstantin Korff.<\/p>\n<p>Kann es ihnen gemeinsam gelingen, ihren \u00e4ltesten Feind ein f\u00fcr alle Mal zu besiegen?<\/p>\n<\/div>\n\t\t<\/div><\/div><\/div><\/div>","protected":false},"excerpt":{"rendered":"<p>DIE MEISTERIN Eine uralte Familien-Fehde, eine unbekannte Bedrohung aus der Anderswelt und eine Frau, die alles aufs Spiel setzen muss \u2013 fesselnder Mix aus Fantasy und Thriller-Elementen rund um die Heilerin Geneve Cornelius. Wie schon in \u00bbDes Teufels Gebetbuch\u00ab verbindet auch \u00bbDie Meisterin\u00ab gekonnt Elemente aus Fantasy, Historie, Thriller und<\/p>\n<div class=\"shariff shariff-align-left shariff-widget-align-left\"><ul class=\"shariff-buttons theme-round orientation-horizontal buttonsize-medium\"><li class=\"shariff-button facebook shariff-nocustomcolor\" style=\"background-color:#4273c8\"><a href=\"https:\/\/www.facebook.com\/sharer\/sharer.php?u=http%3A%2F%2Fwww.mahet.de%2F%3Fpage_id%3D54\" title=\"Bei Facebook teilen\" aria-label=\"Bei Facebook teilen\" role=\"button\" rel=\"nofollow\" class=\"shariff-link\" style=\"; background-color:#3b5998; color:#fff\" target=\"_blank\"><span class=\"shariff-icon\" style=\"\"><svg width=\"32px\" height=\"20px\" xmlns=\"http:\/\/www.w3.org\/2000\/svg\" viewBox=\"0 0 18 32\"><path fill=\"#3b5998\" d=\"M17.1 0.2v4.7h-2.8q-1.5 0-2.1 0.6t-0.5 1.9v3.4h5.2l-0.7 5.3h-4.5v13.6h-5.5v-13.6h-4.5v-5.3h4.5v-3.9q0-3.3 1.9-5.2t5-1.8q2.6 0 4.1 0.2z\"\/><\/svg><\/span><\/a><\/li><li class=\"shariff-button twitter shariff-nocustomcolor\" style=\"background-color:#595959\"><a href=\"https:\/\/twitter.com\/share?url=http%3A%2F%2Fwww.mahet.de%2F%3Fpage_id%3D54&text=Die%20Meisterin\" title=\"Bei X teilen\" aria-label=\"Bei X teilen\" role=\"button\" rel=\"noopener nofollow\" class=\"shariff-link\" style=\"; background-color:#000; color:#fff\" target=\"_blank\"><span class=\"shariff-icon\" style=\"\"><svg width=\"32px\" height=\"20px\" xmlns=\"http:\/\/www.w3.org\/2000\/svg\" viewBox=\"0 0 24 24\"><path fill=\"#000\" d=\"M14.258 10.152L23.176 0h-2.113l-7.747 8.813L7.133 0H0l9.352 13.328L0 23.973h2.113l8.176-9.309 6.531 9.309h7.133zm-2.895 3.293l-.949-1.328L2.875 1.56h3.246l6.086 8.523.945 1.328 7.91 11.078h-3.246zm0 0\"\/><\/svg><\/span><\/a><\/li><\/ul><\/div>","protected":false},"author":1,"featured_media":0,"parent":12,"menu_order":0,"comment_status":"closed","ping_status":"closed","template":"template-fullwidth.php","meta":{"footnotes":""},"class_list":["post-54","page","type-page","status-publish","hentry"],"_links":{"self":[{"href":"http:\/\/www.mahet.de\/index.php?rest_route=\/wp\/v2\/pages\/54","targetHints":{"allow":["GET"]}}],"collection":[{"href":"http:\/\/www.mahet.de\/index.php?rest_route=\/wp\/v2\/pages"}],"about":[{"href":"http:\/\/www.mahet.de\/index.php?rest_route=\/wp\/v2\/types\/page"}],"author":[{"embeddable":true,"href":"http:\/\/www.mahet.de\/index.php?rest_route=\/wp\/v2\/users\/1"}],"replies":[{"embeddable":true,"href":"http:\/\/www.mahet.de\/index.php?rest_route=%2Fwp%2Fv2%2Fcomments&post=54"}],"version-history":[{"count":3,"href":"http:\/\/www.mahet.de\/index.php?rest_route=\/wp\/v2\/pages\/54\/revisions"}],"predecessor-version":[{"id":787,"href":"http:\/\/www.mahet.de\/index.php?rest_route=\/wp\/v2\/pages\/54\/revisions\/787"}],"up":[{"embeddable":true,"href":"http:\/\/www.mahet.de\/index.php?rest_route=\/wp\/v2\/pages\/12"}],"wp:attachment":[{"href":"http:\/\/www.mahet.de\/index.php?rest_route=%2Fwp%2Fv2%2Fmedia&parent=54"}],"curies":[{"name":"wp","href":"https:\/\/api.w.org\/{rel}","templated":true}]}}