{"id":831,"date":"2021-01-14T21:49:59","date_gmt":"2021-01-14T20:49:59","guid":{"rendered":"http:\/\/www.mahet.de\/mahet\/?page_id=831"},"modified":"2021-01-27T10:11:24","modified_gmt":"2021-01-27T09:11:24","slug":"horror-2","status":"publish","type":"page","link":"http:\/\/www.mahet.de\/?page_id=831","title":{"rendered":"Thriller"},"content":{"rendered":"<div id=\"pl-831\"  class=\"panel-layout\" ><div id=\"pg-831-0\"  class=\"panel-grid panel-no-style\" ><div id=\"pgc-831-0-0\"  class=\"panel-grid-cell\" ><div id=\"panel-831-0-0-0\" class=\"so-panel widget widget_sow-editor panel-first-child panel-last-child\" data-index=\"0\" ><div\n\t\t\t\n\t\t\tclass=\"so-widget-sow-editor so-widget-sow-editor-base\"\n\t\t\t\n\t\t>\n<div class=\"siteorigin-widget-tinymce textwidget\">\n\t<h1><strong>THRILLER<\/strong><\/h1>\n<\/div>\n<\/div><\/div><\/div><\/div><div id=\"pg-831-1\"  class=\"panel-grid panel-no-style\" ><div id=\"pgc-831-1-0\"  class=\"panel-grid-cell\" ><div id=\"panel-831-1-0-0\" class=\"so-panel widget widget_media_image panel-first-child panel-last-child\" data-index=\"1\" ><img loading=\"lazy\" decoding=\"async\" width=\"300\" height=\"456\" src=\"http:\/\/www.mahet.de\/mahet\/wp-content\/uploads\/2021\/01\/Totenblick-674x1024.jpg\" class=\"image wp-image-474  attachment-300x456 size-300x456\" alt=\"\" style=\"max-width: 100%; height: auto;\" srcset=\"http:\/\/www.mahet.de\/mahet\/wp-content\/uploads\/2021\/01\/Totenblick-674x1024.jpg 674w, http:\/\/www.mahet.de\/mahet\/wp-content\/uploads\/2021\/01\/Totenblick-197x300.jpg 197w, http:\/\/www.mahet.de\/mahet\/wp-content\/uploads\/2021\/01\/Totenblick-768x1167.jpg 768w, http:\/\/www.mahet.de\/mahet\/wp-content\/uploads\/2021\/01\/Totenblick-1011x1536.jpg 1011w, http:\/\/www.mahet.de\/mahet\/wp-content\/uploads\/2021\/01\/Totenblick-1347x2048.jpg 1347w, http:\/\/www.mahet.de\/mahet\/wp-content\/uploads\/2021\/01\/Totenblick.jpg 1400w\" sizes=\"auto, (max-width: 300px) 100vw, 300px\" \/><\/div><\/div><div id=\"pgc-831-1-1\"  class=\"panel-grid-cell\" ><div id=\"panel-831-1-1-0\" class=\"so-panel widget widget_sow-editor panel-first-child panel-last-child\" data-index=\"2\" ><div\n\t\t\t\n\t\t\tclass=\"so-widget-sow-editor so-widget-sow-editor-base\"\n\t\t\t\n\t\t>\n<div class=\"siteorigin-widget-tinymce textwidget\">\n\t<h2>TOTENBLICK<\/h2>\n<p><strong>Teasertext:<\/strong><\/p>\n<p>\u201eDie Wahrheit liegt im Auge des Betrachters.\u201c Diese Nachricht hinterl\u00e4sst ein Serienm\u00f6rder an sorgf\u00e4ltig inszenierten Tatorten, die Todesbildern nachempfunden sind: alte Gem\u00e4lde, moderne Fotografien oder Bilder aus dem Internet. Anfangs glauben die Ermittler noch, die Hinweise w\u00e4ren am Tatort versteckt oder es g\u00e4be einen Zusammenhang zwischen den Vorlagen und den Opfern. Doch dann machen sie eine grausige Entdeckung: Auf den Vorlagen erh\u00f6ht sich die Zahl der abgebildeten Toten - aber da ist noch mehr: Die Spuren f\u00fcr die Ermittler sind an einem besonderen Ort vom T\u00e4ter verborgen worden.\u201c<\/p>\n<p>&nbsp;<\/p>\n<\/div>\n<\/div><\/div><\/div><\/div><div id=\"pg-831-2\"  class=\"panel-grid panel-no-style\" ><div id=\"pgc-831-2-0\"  class=\"panel-grid-cell\" ><div id=\"panel-831-2-0-0\" class=\"so-panel widget widget_media_image panel-first-child panel-last-child\" data-index=\"3\" ><img loading=\"lazy\" decoding=\"async\" width=\"300\" height=\"300\" src=\"http:\/\/www.mahet.de\/mahet\/wp-content\/uploads\/2021\/01\/Reflexion-300x300.jpg\" class=\"image wp-image-835  attachment-300x300 size-300x300\" alt=\"\" style=\"max-width: 100%; height: auto;\" srcset=\"http:\/\/www.mahet.de\/mahet\/wp-content\/uploads\/2021\/01\/Reflexion-300x300.jpg 300w, http:\/\/www.mahet.de\/mahet\/wp-content\/uploads\/2021\/01\/Reflexion-150x150.jpg 150w, http:\/\/www.mahet.de\/mahet\/wp-content\/uploads\/2021\/01\/Reflexion.jpg 630w\" sizes=\"auto, (max-width: 300px) 100vw, 300px\" \/><\/div><\/div><div id=\"pgc-831-2-1\"  class=\"panel-grid-cell\" ><div id=\"panel-831-2-1-0\" class=\"so-panel widget widget_sow-editor panel-first-child panel-last-child\" data-index=\"4\" ><div\n\t\t\t\n\t\t\tclass=\"so-widget-sow-editor so-widget-sow-editor-base\"\n\t\t\t\n\t\t>\n<div class=\"siteorigin-widget-tinymce textwidget\">\n\t<h2>REFLEXION (ebook)<\/h2>\n<p><strong>Teasertext:<\/strong><\/p>\n<p>\u00bbAbfangen des Pakets muss gelingen, sonst keine Bezahlung. Wird das Paket zugestellt, haben SIE ein Problem!\u00ab Eine SMS, reflektiert in der Scheibe im ICE.<\/p>\n<p>Als Charles Mischke im Zug von K\u00f6ln nach Frankfurt die Kurznachricht einer geheimnisvollen Frau mitliest, wird er selbst zur Zielscheibe eines skrupellosen Auftragskillers.<\/p>\n<p>Was zu Beginn noch wie ein schlechter Scherz wirkt, wird schnell brutale Realit\u00e4t. Selbst Charles' Freundin Annika ger\u00e4t ins Visier der Killer - und er handelt gegen jegliche Vernunft.<\/p>\n<p>Mit Charles' Entscheidung, das R\u00e4tsel der SMS zu l\u00f6sen, eskaliert die Situation vollends.\u201c<\/p>\n<p>&nbsp;<\/p>\n<\/div>\n<\/div><\/div><\/div><\/div><div id=\"pg-831-3\"  class=\"panel-grid panel-no-style\" ><div id=\"pgc-831-3-0\"  class=\"panel-grid-cell\" ><div id=\"panel-831-3-0-0\" class=\"so-panel widget widget_media_image panel-first-child panel-last-child\" data-index=\"5\" ><img loading=\"lazy\" decoding=\"async\" width=\"300\" height=\"300\" src=\"http:\/\/www.mahet.de\/mahet\/wp-content\/uploads\/2021\/01\/Lyss-300x300.jpg\" class=\"image wp-image-833  attachment-300x300 size-300x300\" alt=\"\" style=\"max-width: 100%; height: auto;\" srcset=\"http:\/\/www.mahet.de\/mahet\/wp-content\/uploads\/2021\/01\/Lyss-300x300.jpg 300w, http:\/\/www.mahet.de\/mahet\/wp-content\/uploads\/2021\/01\/Lyss-150x150.jpg 150w, http:\/\/www.mahet.de\/mahet\/wp-content\/uploads\/2021\/01\/Lyss.jpg 500w\" sizes=\"auto, (max-width: 300px) 100vw, 300px\" \/><\/div><\/div><div id=\"pgc-831-3-1\"  class=\"panel-grid-cell\" ><div id=\"panel-831-3-1-0\" class=\"so-panel widget widget_sow-editor panel-first-child panel-last-child\" data-index=\"6\" ><div\n\t\t\t\n\t\t\tclass=\"so-widget-sow-editor so-widget-sow-editor-base\"\n\t\t\t\n\t\t>\n<div class=\"siteorigin-widget-tinymce textwidget\">\n\t<h2>LYSSA (ebook)<\/h2>\n<p><strong>Teasertext:<\/strong><\/p>\n<p>\u201eEs fallen Sch\u00fcsse im Gerichtssaal von Leipzig. Der Richter selbst h\u00e4lt die Waffe in den H\u00e4nden und erschie\u00dft mehrere Verbrecher, teils auf der Anklagebank, teils im Zuschauerraum. Was zuerst wie ein Rachefeldzug des todkranken Richters Rotmann aussieht, entwickelt sich zu einer wohldurchdachten Mordserie. T\u00e4ter und Orte sind stets verschieden. Nur eine verst\u00f6rende Gemeinsamkeit, ein kurzer Satz, findet sich immer am Tatort wieder: \u00bbGott mit uns\u00ab.<\/p>\n<p>Tycho Kr\u00e4mer, Million\u00e4r und Ermittler aus Spa\u00df am Geheimnis, versucht herauszufinden, ob jemand im Hintergrund die F\u00e4den zieht, um vermeintlich b\u00f6se Menschen umzubringen.<\/p>\n<p>Seine Recherchen f\u00fchren ihn von Leipzig nach Berlin und Hamburg bis nach Wien und Monte Carlo.<\/p>\n<p>Wo liegt die Verbindung und wieso sterben die M\u00f6rder kurz nach ihrer Tat? Aber auch Kr\u00e4mer hat Geheimnisse, die er keinesfalls gel\u00fcftet wissen m\u00f6chte.\u201c<\/p>\n<p>&nbsp;<\/p>\n<\/div>\n<\/div><\/div><\/div><\/div><div id=\"pg-831-4\"  class=\"panel-grid panel-no-style\" ><div id=\"pgc-831-4-0\"  class=\"panel-grid-cell\" ><div id=\"panel-831-4-0-0\" class=\"so-panel widget widget_media_image panel-first-child panel-last-child\" data-index=\"7\" ><img loading=\"lazy\" decoding=\"async\" width=\"300\" height=\"300\" src=\"http:\/\/www.mahet.de\/mahet\/wp-content\/uploads\/2021\/01\/MenschenBoese-300x300.jpg\" class=\"image wp-image-834  attachment-300x300 size-300x300\" alt=\"\" style=\"max-width: 100%; height: auto;\" srcset=\"http:\/\/www.mahet.de\/mahet\/wp-content\/uploads\/2021\/01\/MenschenBoese-300x300.jpg 300w, http:\/\/www.mahet.de\/mahet\/wp-content\/uploads\/2021\/01\/MenschenBoese-150x150.jpg 150w, http:\/\/www.mahet.de\/mahet\/wp-content\/uploads\/2021\/01\/MenschenBoese.jpg 500w\" sizes=\"auto, (max-width: 300px) 100vw, 300px\" \/><\/div><\/div><div id=\"pgc-831-4-1\"  class=\"panel-grid-cell\" ><div id=\"panel-831-4-1-0\" class=\"so-panel widget widget_sow-editor panel-first-child panel-last-child\" data-index=\"8\" ><div\n\t\t\t\n\t\t\tclass=\"so-widget-sow-editor so-widget-sow-editor-base\"\n\t\t\t\n\t\t>\n<div class=\"siteorigin-widget-tinymce textwidget\">\n\t<h2>DA DIE MENSCHEN B\u00d6SE SIND (ebook, Kurzgeschichte)<\/h2>\n<p><strong>Teasertext:<\/strong><\/p>\n<p>\u201eEin geschmackloser Streich, ein perfides Experiment oder das Werk eines kranken Verstandes?<\/p>\n<p>Im Rahmen seiner Vorlesung zu den Grundlagen des Behaviorismus zeigt Professor Martens seinen Studierenden einen kurzen Filmbeitrag \u00fcber die exklusive Er\u00f6ffnung eines Privatclubs.<\/p>\n<p>Ein Schreckenszenario folgt!<\/p>\n<p>Zuerst werden alle T\u00fcren des Clubs verriegelt, dann die Regeln verk\u00fcndet. Und die klingen einfach: Die G\u00e4ste k\u00f6nnen tun und lassen, was sie wollen. Erst nach vierundzwanzig Stunden \u00f6ffnen sich die Ausg\u00e4nge wieder.<\/p>\n<p>Und: Im Club stehen jede Menge Drogen und Waffen zur freien Verf\u00fcgung. Die G\u00e4ste wurden bewusst ausgew\u00e4hlt \u2013 ein bunter Mix aus allen Schichten und Ideologien.<\/p>\n<p>Bald beginnt ein Kampf um Leben und Tod. Wer schafft es, der Clubh\u00f6lle zu entkommen? Und wer steckt hinter der Horrorparty?<\/p>\n<\/div>\n<\/div><\/div><\/div><\/div><div id=\"pg-831-5\"  class=\"panel-grid panel-no-style\" ><div id=\"pgc-831-5-0\"  class=\"panel-grid-cell\" ><div id=\"panel-831-5-0-0\" class=\"so-panel widget widget_media_image panel-first-child panel-last-child\" data-index=\"9\" ><img loading=\"lazy\" decoding=\"async\" width=\"300\" height=\"450\" src=\"http:\/\/www.mahet.de\/mahet\/wp-content\/uploads\/2021\/01\/Flaechenbrand.jpg\" class=\"image wp-image-832  attachment-300x450 size-300x450\" alt=\"\" style=\"max-width: 100%; height: auto;\" srcset=\"http:\/\/www.mahet.de\/mahet\/wp-content\/uploads\/2021\/01\/Flaechenbrand.jpg 333w, http:\/\/www.mahet.de\/mahet\/wp-content\/uploads\/2021\/01\/Flaechenbrand-200x300.jpg 200w\" sizes=\"auto, (max-width: 300px) 100vw, 300px\" \/><\/div><\/div><div id=\"pgc-831-5-1\"  class=\"panel-grid-cell\" ><div id=\"panel-831-5-1-0\" class=\"so-panel widget widget_sow-editor panel-first-child panel-last-child\" data-index=\"10\" ><div\n\t\t\t\n\t\t\tclass=\"so-widget-sow-editor so-widget-sow-editor-base\"\n\t\t\t\n\t\t>\n<div class=\"siteorigin-widget-tinymce textwidget\">\n\t<h2>KOMMANDO FL\u00c4CHENBRAND (ebook)<\/h2>\n<p><strong>Teasertext:<\/strong><\/p>\n<p>\u201eWas h\u00e4lt uns, wenn das eigene Leben in Gefahr ist? Nichts.<\/p>\n<p>Markus Heitz nimmt sich in vier politischen Erz\u00e4hlungen gesellschaftlichen Themen sowie der aktuellen Fl\u00fcchtlingsproblematik an und bringt den Leser in gewohnt unterhaltsamer, aber auch sozialkritischer Form zum Nachdenken.<\/p>\n<p>Als die ersten Geschichten entstanden, schrieb er noch von Fiktion - inzwischen hat ihn und unsere Gesellschaft die Realit\u00e4t eingeholt.<\/p>\n<p>Egal wie brutal und \u00fcberspitzt Heitz erz\u00e4hlt, so ist das Leben und oft auch der Mitmensch neben uns im Handeln und Denken ungleich brutaler.\u201c<\/p>\n<p>&nbsp;<\/p>\n<p>&nbsp;<\/p>\n<p>&nbsp;<\/p>\n<\/div>\n<\/div><\/div><\/div><\/div><\/div>","protected":false},"excerpt":{"rendered":"<p>THRILLER TOTENBLICK Teasertext: \u201eDie Wahrheit liegt im Auge des Betrachters.\u201c Diese Nachricht hinterl\u00e4sst ein Serienm\u00f6rder an sorgf\u00e4ltig inszenierten Tatorten, die Todesbildern nachempfunden sind: alte Gem\u00e4lde, moderne Fotografien oder Bilder aus dem Internet. Anfangs glauben die Ermittler noch, die Hinweise w\u00e4ren am Tatort versteckt oder es g\u00e4be einen Zusammenhang zwischen den<\/p>\n<div class=\"shariff shariff-align-left shariff-widget-align-left\"><ul class=\"shariff-buttons theme-round orientation-horizontal buttonsize-medium\"><li class=\"shariff-button facebook shariff-nocustomcolor\" style=\"background-color:#4273c8\"><a href=\"https:\/\/www.facebook.com\/sharer\/sharer.php?u=http%3A%2F%2Fwww.mahet.de%2F%3Fpage_id%3D831\" title=\"Bei Facebook teilen\" aria-label=\"Bei Facebook teilen\" role=\"button\" rel=\"nofollow\" class=\"shariff-link\" style=\"; background-color:#3b5998; color:#fff\" target=\"_blank\"><span class=\"shariff-icon\" style=\"\"><svg width=\"32px\" height=\"20px\" xmlns=\"http:\/\/www.w3.org\/2000\/svg\" viewBox=\"0 0 18 32\"><path fill=\"#3b5998\" d=\"M17.1 0.2v4.7h-2.8q-1.5 0-2.1 0.6t-0.5 1.9v3.4h5.2l-0.7 5.3h-4.5v13.6h-5.5v-13.6h-4.5v-5.3h4.5v-3.9q0-3.3 1.9-5.2t5-1.8q2.6 0 4.1 0.2z\"\/><\/svg><\/span><\/a><\/li><li class=\"shariff-button twitter shariff-nocustomcolor\" style=\"background-color:#595959\"><a href=\"https:\/\/twitter.com\/share?url=http%3A%2F%2Fwww.mahet.de%2F%3Fpage_id%3D831&text=Thriller\" title=\"Bei X teilen\" aria-label=\"Bei X teilen\" role=\"button\" rel=\"noopener nofollow\" class=\"shariff-link\" style=\"; background-color:#000; color:#fff\" target=\"_blank\"><span class=\"shariff-icon\" style=\"\"><svg width=\"32px\" height=\"20px\" xmlns=\"http:\/\/www.w3.org\/2000\/svg\" viewBox=\"0 0 24 24\"><path fill=\"#000\" d=\"M14.258 10.152L23.176 0h-2.113l-7.747 8.813L7.133 0H0l9.352 13.328L0 23.973h2.113l8.176-9.309 6.531 9.309h7.133zm-2.895 3.293l-.949-1.328L2.875 1.56h3.246l6.086 8.523.945 1.328 7.91 11.078h-3.246zm0 0\"\/><\/svg><\/span><\/a><\/li><\/ul><\/div>","protected":false},"author":1,"featured_media":0,"parent":0,"menu_order":0,"comment_status":"closed","ping_status":"closed","template":"","meta":{"footnotes":""},"class_list":["post-831","page","type-page","status-publish","hentry"],"_links":{"self":[{"href":"http:\/\/www.mahet.de\/index.php?rest_route=\/wp\/v2\/pages\/831","targetHints":{"allow":["GET"]}}],"collection":[{"href":"http:\/\/www.mahet.de\/index.php?rest_route=\/wp\/v2\/pages"}],"about":[{"href":"http:\/\/www.mahet.de\/index.php?rest_route=\/wp\/v2\/types\/page"}],"author":[{"embeddable":true,"href":"http:\/\/www.mahet.de\/index.php?rest_route=\/wp\/v2\/users\/1"}],"replies":[{"embeddable":true,"href":"http:\/\/www.mahet.de\/index.php?rest_route=%2Fwp%2Fv2%2Fcomments&post=831"}],"version-history":[{"count":2,"href":"http:\/\/www.mahet.de\/index.php?rest_route=\/wp\/v2\/pages\/831\/revisions"}],"predecessor-version":[{"id":893,"href":"http:\/\/www.mahet.de\/index.php?rest_route=\/wp\/v2\/pages\/831\/revisions\/893"}],"wp:attachment":[{"href":"http:\/\/www.mahet.de\/index.php?rest_route=%2Fwp%2Fv2%2Fmedia&parent=831"}],"curies":[{"name":"wp","href":"https:\/\/api.w.org\/{rel}","templated":true}]}}