{"id":937,"date":"2021-02-19T13:15:07","date_gmt":"2021-02-19T12:15:07","guid":{"rendered":"http:\/\/www.mahet.de\/mahet\/EN\/?page_id=937"},"modified":"2021-02-24T12:28:58","modified_gmt":"2021-02-24T11:28:58","slug":"aera-2","status":"publish","type":"page","link":"http:\/\/www.mahet.de\/mahet\/EN\/?page_id=937","title":{"rendered":"AERA"},"content":{"rendered":"<div id=\"pl-937\"  class=\"panel-layout\" ><div id=\"pg-937-0\"  class=\"panel-grid panel-no-style\" ><div id=\"pgc-937-0-0\"  class=\"panel-grid-cell\" ><div id=\"panel-937-0-0-0\" class=\"so-panel widget widget_sow-editor panel-first-child panel-last-child\" data-index=\"0\" ><div\n\t\t\t\n\t\t\tclass=\"so-widget-sow-editor so-widget-sow-editor-base\"\n\t\t\t\n\t\t>\n<div class=\"siteorigin-widget-tinymce textwidget\">\n\t<h2>AERA: Die R\u00fcckkehr der G\u00f6tter<br \/>\nAERA: Die dunkelste Nacht (in 2022)<\/h2>\n<p class=\"bodytext\">\n<\/div>\n<\/div><\/div><\/div><\/div><div id=\"pg-937-1\"  class=\"panel-grid panel-no-style\" ><div id=\"pgc-937-1-0\"  class=\"panel-grid-cell\" ><div id=\"panel-937-1-0-0\" class=\"so-panel widget widget_media_image panel-first-child panel-last-child\" data-index=\"1\" ><img width=\"300\" height=\"457\" src=\"http:\/\/www.mahet.de\/mahet\/EN\/mahet\/wp-content\/uploads\/2021\/01\/aera.jpg\" class=\"image wp-image-740  attachment-300x457 size-300x457\" alt=\"\" decoding=\"async\" style=\"max-width: 100%; height: auto;\" srcset=\"http:\/\/www.mahet.de\/mahet\/EN\/mahet\/wp-content\/uploads\/2021\/01\/aera.jpg 320w, http:\/\/www.mahet.de\/mahet\/EN\/mahet\/wp-content\/uploads\/2021\/01\/aera-197x300.jpg 197w\" sizes=\"(max-width: 300px) 100vw, 300px\" \/><\/div><\/div><div id=\"pgc-937-1-1\"  class=\"panel-grid-cell\" ><div id=\"panel-937-1-1-0\" class=\"so-panel widget widget_sow-editor panel-first-child panel-last-child\" data-index=\"2\" ><div\n\t\t\t\n\t\t\tclass=\"so-widget-sow-editor so-widget-sow-editor-base\"\n\t\t\t\n\t\t>\n<div class=\"siteorigin-widget-tinymce textwidget\">\n\t<h2>AERA: Die R\u00fcckkehr der G\u00f6tter<\/h2>\n<p>&nbsp;<\/p>\n<\/div>\n<\/div><\/div><\/div><\/div><div id=\"pg-937-2\"  class=\"panel-grid panel-no-style\" ><div id=\"pgc-937-2-0\"  class=\"panel-grid-cell\" ><div id=\"panel-937-2-0-0\" class=\"so-panel widget widget_sow-editor panel-first-child panel-last-child\" data-index=\"3\" ><div\n\t\t\t\n\t\t\tclass=\"so-widget-sow-editor so-widget-sow-editor-base\"\n\t\t\t\n\t\t>\n<div class=\"siteorigin-widget-tinymce textwidget\">\n\t<p>The idea originated in 2012, when it was said that the world would end because the Mayan calendar had come to an end.<\/p>\n<p>However, if one dealt more closely with all the predictions, one very quickly came to the conclusion that there was talk of changes, of changes that would occur. But no one spoke of a downfall of mankind or something similar. Didn't happen, fortunately.<\/p>\n<p>And I thought to myself: WHAT would be a serious change?<\/p>\n<p>What would shake the modern world and the meanwhile quite hardened and clarified mankind, if we leave the usual natural disasters, asteroid impacts and epidemics out?<\/p>\n<p>Exactly, the impossible in itself: If from FAITH suddenly KNOWLEDGE becomes!<\/p>\n<p>So it occurred to me that pretty much all the ancient and ancient gods that mankind prayed to in the past are returning. And very real and in person or in a manifestation or by their unmistakable action.<\/p>\n<p>... except for the three \"great ones\": the Christian God, Allah and Yahweh.<\/p>\n<p>These three do NOT appear.<\/p>\n<p>Not out of rejection of Islam, Christianity or Judaism. But because their absence would shake the world even more, since these three religions are currently leading and determining on earth: politically, economically, socially.<\/p>\n<p>&nbsp;<\/p>\n<\/div>\n<\/div><\/div><\/div><\/div><\/div>","protected":false},"excerpt":{"rendered":"<p>AERA: Die R\u00fcckkehr der G\u00f6tter AERA: Die dunkelste Nacht (in 2022) AERA: Die R\u00fcckkehr der G\u00f6tter &nbsp;<\/p>\n<div class=\"shariff shariff-align-left shariff-widget-align-left\"><ul class=\"shariff-buttons theme-round orientation-horizontal buttonsize-medium\"><li class=\"shariff-button facebook shariff-nocustomcolor\" style=\"background-color:#4273c8\"><a href=\"https:\/\/www.facebook.com\/sharer\/sharer.php?u=http%3A%2F%2Fwww.mahet.de%2Fmahet%2FEN%2F%3Fpage_id%3D937\" title=\"Bei Facebook teilen\" aria-label=\"Bei Facebook teilen\" role=\"button\" rel=\"nofollow\" class=\"shariff-link\" style=\"; background-color:#3b5998; color:#fff\" target=\"_blank\"><span class=\"shariff-icon\" style=\"\"><svg width=\"32px\" height=\"20px\" xmlns=\"http:\/\/www.w3.org\/2000\/svg\" viewBox=\"0 0 18 32\"><path fill=\"#3b5998\" d=\"M17.1 0.2v4.7h-2.8q-1.5 0-2.1 0.6t-0.5 1.9v3.4h5.2l-0.7 5.3h-4.5v13.6h-5.5v-13.6h-4.5v-5.3h4.5v-3.9q0-3.3 1.9-5.2t5-1.8q2.6 0 4.1 0.2z\"\/><\/svg><\/span><\/a><\/li><li class=\"shariff-button twitter shariff-nocustomcolor\" style=\"background-color:#595959\"><a href=\"https:\/\/twitter.com\/share?url=http%3A%2F%2Fwww.mahet.de%2Fmahet%2FEN%2F%3Fpage_id%3D937&text=AERA\" title=\"Bei X teilen\" aria-label=\"Bei X teilen\" role=\"button\" rel=\"noopener nofollow\" class=\"shariff-link\" style=\"; background-color:#000; color:#fff\" target=\"_blank\"><span class=\"shariff-icon\" style=\"\"><svg width=\"32px\" height=\"20px\" xmlns=\"http:\/\/www.w3.org\/2000\/svg\" viewBox=\"0 0 24 24\"><path fill=\"#000\" d=\"M14.258 10.152L23.176 0h-2.113l-7.747 8.813L7.133 0H0l9.352 13.328L0 23.973h2.113l8.176-9.309 6.531 9.309h7.133zm-2.895 3.293l-.949-1.328L2.875 1.56h3.246l6.086 8.523.945 1.328 7.91 11.078h-3.246zm0 0\"\/><\/svg><\/span><\/a><\/li><\/ul><\/div>","protected":false},"author":1,"featured_media":0,"parent":0,"menu_order":0,"comment_status":"closed","ping_status":"closed","template":"template-fullwidth.php","meta":{"footnotes":""},"_links":{"self":[{"href":"http:\/\/www.mahet.de\/mahet\/EN\/index.php?rest_route=\/wp\/v2\/pages\/937"}],"collection":[{"href":"http:\/\/www.mahet.de\/mahet\/EN\/index.php?rest_route=\/wp\/v2\/pages"}],"about":[{"href":"http:\/\/www.mahet.de\/mahet\/EN\/index.php?rest_route=\/wp\/v2\/types\/page"}],"author":[{"embeddable":true,"href":"http:\/\/www.mahet.de\/mahet\/EN\/index.php?rest_route=\/wp\/v2\/users\/1"}],"replies":[{"embeddable":true,"href":"http:\/\/www.mahet.de\/mahet\/EN\/index.php?rest_route=%2Fwp%2Fv2%2Fcomments&post=937"}],"version-history":[{"count":2,"href":"http:\/\/www.mahet.de\/mahet\/EN\/index.php?rest_route=\/wp\/v2\/pages\/937\/revisions"}],"predecessor-version":[{"id":1069,"href":"http:\/\/www.mahet.de\/mahet\/EN\/index.php?rest_route=\/wp\/v2\/pages\/937\/revisions\/1069"}],"wp:attachment":[{"href":"http:\/\/www.mahet.de\/mahet\/EN\/index.php?rest_route=%2Fwp%2Fv2%2Fmedia&parent=937"}],"curies":[{"name":"wp","href":"https:\/\/api.w.org\/{rel}","templated":true}]}}