{"id":56,"date":"2021-01-05T11:37:53","date_gmt":"2021-01-05T10:37:53","guid":{"rendered":"http:\/\/www.mahet.de\/mahet\/?page_id=56"},"modified":"2021-01-14T15:33:04","modified_gmt":"2021-01-14T14:33:04","slug":"computergames","status":"publish","type":"page","link":"https:\/\/www.mahet.de\/?page_id=56","title":{"rendered":"Computergames"},"content":{"rendered":"<h2>Computerspiele<\/h2>\n<h2><strong><a href=\"https:\/\/kingart-games.com\/games\/6-die-zwerge\" target=\"_blank\" rel=\"noopener noreferrer\">DIE ZWERGE<\/a>\/ THE DWARVES<\/strong><\/h2>\n<p>KingArt Games<\/p>\n<p><img loading=\"lazy\" decoding=\"async\" class=\"alignnone size-medium wp-image-641\" src=\"http:\/\/www.mahet.de\/mahet\/wp-content\/uploads\/2021\/01\/Zwerge_Game-212x300.png\" alt=\"\" width=\"212\" height=\"300\" srcset=\"https:\/\/www.mahet.de\/mahet\/wp-content\/uploads\/2021\/01\/Zwerge_Game-212x300.png 212w, https:\/\/www.mahet.de\/mahet\/wp-content\/uploads\/2021\/01\/Zwerge_Game.png 302w\" sizes=\"auto, (max-width: 212px) 100vw, 212px\" \/><\/p>\n<p><strong>TEASERTEXT:<\/strong><\/p>\n<p>Die Zwerge ist ein Fantasy-Rollenspiel mit starker Story und taktisch anspruchsvollen Echtzeit-K\u00e4mpfen. 15 spielbare Helden, alle mit ihren individuellen F\u00e4higkeiten, wollen clever eingesetzt werden.<\/p>\n<p>Zeige einer \u00dcbermacht von Orks, Ogern, Albae, Boglins, Zombies, dunklen Magiern und weiteren Widersachern wo der Hammer h\u00e4ngt.<\/p>\n<p>Basierend auf dem Weltbestseller \u201eDie Zwerge\u201c von Markus Heitz erlebst du eine faszinierende Geschichte rund um die coolste Fantasy-Rasse \u00fcberhaupt: Die Zwerge!<\/p>\n<p>Erh\u00e4ltlich f\u00fcr alle PCs und Konsolen.<\/p>\n<p>&nbsp;<\/p>\n","protected":false},"excerpt":{"rendered":"<p>Computerspiele DIE ZWERGE\/ THE DWARVES KingArt Games TEASERTEXT: Die Zwerge ist ein Fantasy-Rollenspiel mit starker Story und taktisch anspruchsvollen Echtzeit-K\u00e4mpfen. 15 spielbare Helden, alle mit ihren individuellen F\u00e4higkeiten, wollen clever eingesetzt werden. Zeige einer \u00dcbermacht von Orks, Ogern, Albae, Boglins, Zombies, dunklen Magiern und weiteren Widersachern wo der Hammer h\u00e4ngt.<\/p>\n<div class=\"shariff shariff-align-left shariff-widget-align-left\"><ul class=\"shariff-buttons theme-round orientation-horizontal buttonsize-medium\"><li class=\"shariff-button facebook shariff-nocustomcolor\" style=\"background-color:#4273c8\"><a href=\"https:\/\/www.facebook.com\/sharer\/sharer.php?u=https%3A%2F%2Fwww.mahet.de%2F%3Fpage_id%3D56\" title=\"Bei Facebook teilen\" aria-label=\"Bei Facebook teilen\" role=\"button\" rel=\"nofollow\" class=\"shariff-link\" style=\"; background-color:#3b5998; color:#fff\" target=\"_blank\"><span class=\"shariff-icon\" style=\"\"><svg width=\"32px\" height=\"20px\" xmlns=\"http:\/\/www.w3.org\/2000\/svg\" viewBox=\"0 0 18 32\"><path fill=\"#3b5998\" d=\"M17.1 0.2v4.7h-2.8q-1.5 0-2.1 0.6t-0.5 1.9v3.4h5.2l-0.7 5.3h-4.5v13.6h-5.5v-13.6h-4.5v-5.3h4.5v-3.9q0-3.3 1.9-5.2t5-1.8q2.6 0 4.1 0.2z\"\/><\/svg><\/span><\/a><\/li><li class=\"shariff-button twitter shariff-nocustomcolor\" style=\"background-color:#595959\"><a href=\"https:\/\/twitter.com\/share?url=https%3A%2F%2Fwww.mahet.de%2F%3Fpage_id%3D56&text=Computergames\" title=\"Bei X teilen\" aria-label=\"Bei X teilen\" role=\"button\" rel=\"noopener nofollow\" class=\"shariff-link\" style=\"; background-color:#000; color:#fff\" target=\"_blank\"><span class=\"shariff-icon\" style=\"\"><svg width=\"32px\" height=\"20px\" xmlns=\"http:\/\/www.w3.org\/2000\/svg\" viewBox=\"0 0 24 24\"><path fill=\"#000\" d=\"M14.258 10.152L23.176 0h-2.113l-7.747 8.813L7.133 0H0l9.352 13.328L0 23.973h2.113l8.176-9.309 6.531 9.309h7.133zm-2.895 3.293l-.949-1.328L2.875 1.56h3.246l6.086 8.523.945 1.328 7.91 11.078h-3.246zm0 0\"\/><\/svg><\/span><\/a><\/li><\/ul><\/div>","protected":false},"author":1,"featured_media":0,"parent":12,"menu_order":0,"comment_status":"closed","ping_status":"closed","template":"template-fullwidth.php","meta":{"footnotes":""},"class_list":["post-56","page","type-page","status-publish","hentry"],"_links":{"self":[{"href":"https:\/\/www.mahet.de\/index.php?rest_route=\/wp\/v2\/pages\/56","targetHints":{"allow":["GET"]}}],"collection":[{"href":"https:\/\/www.mahet.de\/index.php?rest_route=\/wp\/v2\/pages"}],"about":[{"href":"https:\/\/www.mahet.de\/index.php?rest_route=\/wp\/v2\/types\/page"}],"author":[{"embeddable":true,"href":"https:\/\/www.mahet.de\/index.php?rest_route=\/wp\/v2\/users\/1"}],"replies":[{"embeddable":true,"href":"https:\/\/www.mahet.de\/index.php?rest_route=%2Fwp%2Fv2%2Fcomments&post=56"}],"version-history":[{"count":3,"href":"https:\/\/www.mahet.de\/index.php?rest_route=\/wp\/v2\/pages\/56\/revisions"}],"predecessor-version":[{"id":820,"href":"https:\/\/www.mahet.de\/index.php?rest_route=\/wp\/v2\/pages\/56\/revisions\/820"}],"up":[{"embeddable":true,"href":"https:\/\/www.mahet.de\/index.php?rest_route=\/wp\/v2\/pages\/12"}],"wp:attachment":[{"href":"https:\/\/www.mahet.de\/index.php?rest_route=%2Fwp%2Fv2%2Fmedia&parent=56"}],"curies":[{"name":"wp","href":"https:\/\/api.w.org\/{rel}","templated":true}]}}