{"id":58,"date":"2021-01-05T11:37:53","date_gmt":"2021-01-05T10:37:53","guid":{"rendered":"http:\/\/www.mahet.de\/mahet\/?page_id=58"},"modified":"2021-01-14T14:38:58","modified_gmt":"2021-01-14T13:38:58","slug":"die-klinge-des-schicksals","status":"publish","type":"page","link":"https:\/\/www.mahet.de\/?page_id=58","title":{"rendered":"Die Klinge des Schicksals"},"content":{"rendered":"<div id=\"pl-58\"  class=\"panel-layout\" ><div id=\"pg-58-0\"  class=\"panel-grid panel-no-style\" ><div id=\"pgc-58-0-0\"  class=\"panel-grid-cell\" ><div id=\"panel-58-0-0-0\" class=\"so-panel widget widget_media_image panel-first-child panel-last-child\" data-index=\"0\" ><img loading=\"lazy\" decoding=\"async\" width=\"282\" height=\"439\" src=\"https:\/\/www.mahet.de\/mahet\/wp-content\/uploads\/2021\/01\/Klinge.jpg\" class=\"image wp-image-755  attachment-300x467 size-300x467\" alt=\"\" style=\"max-width: 100%; height: auto;\" srcset=\"https:\/\/www.mahet.de\/mahet\/wp-content\/uploads\/2021\/01\/Klinge.jpg 282w, https:\/\/www.mahet.de\/mahet\/wp-content\/uploads\/2021\/01\/Klinge-193x300.jpg 193w\" sizes=\"auto, (max-width: 282px) 100vw, 282px\" \/><\/div><\/div><div id=\"pgc-58-0-1\"  class=\"panel-grid-cell\" ><div id=\"panel-58-0-1-0\" class=\"so-panel widget widget_sow-editor panel-first-child panel-last-child\" data-index=\"1\" ><div\n\t\t\t\n\t\t\tclass=\"so-widget-sow-editor so-widget-sow-editor-base\"\n\t\t\t\n\t\t>\n<div class=\"siteorigin-widget-tinymce textwidget\">\n\t<div class=\"csc-header csc-header-n1\">\n<h2 class=\"csc-firstHeader\">Die Klinge des Schicksals<\/h2>\n<\/div>\n<p class=\"bodytext\"><strong>Teasertext:<\/strong><\/p>\n<p>\u201eDan\u00e8stra, eine Abenteurerin und Kriegerin jenseits der 60, erwacht seit vielen Jahren manchmal beim Zubettgehen an neuen Orten in ihrer Heimat Nank\u0101n. Dann gibt es Aufgaben f\u00fcr sie zu l\u00f6sen und f\u00fcr das Gute einzustehen. Zusammen mit ihren drei T\u00f6chtern, dem j\u00fcngsten Sohn und ihrem ungew\u00f6hnlichen Hund geht sie dieser ungew\u00f6hnlichen Pflicht jahrzehntelang nach, die Dan\u00e8stra wohl f\u00fcr eine unbekannte h\u00f6here Macht erf\u00fcllt. Das brachte ihr den titelgebenden Spitznamen ein: die Klinge des Schicksals. Und das wiederum machte sie bereits zu Lebzeiten zu einer Legende und zur Romanfigur in Nank\u0101n. Gegen ihren Willen.<\/p>\n<p>Einmal mehr erwacht Dan\u00e8stra, dieses Mal mitten in einem \u00dcberfall. Eine Reisegruppe wird ausgeraubt und abgeschlachtet, eine Schwangere ist in gr\u00f6\u00dfter Lebensgefahr. Somit ist Dan\u00e8stra ihr Auftrag vollkommen klar: Sie rettet die blutjunge, werdende Mutter und damit das ungeborene Kind vor dem Tod.<\/p>\n<p>Daraus ergibt sich unerwartet eine wesentlich gr\u00f6\u00dfere Verpflichtung f\u00fcr ihre Heimat, was Dan\u00e8stra zun\u00e4chst nicht erahnen kann\u2026<\/p>\n<p>Und: Dan\u00e8stra fragte sich in all den Dekaden niemals, ob sie nach dem Aufwachen die richtige Entscheidung traf, als sie hunderte Male eingriff und das Blatt wendete. Diese pl\u00f6tzlichen Zweifel beeinflussen ungewollt ihre Mission, die sie zusammen mit der jungen Hochschwangeren antritt.<\/p>\n<p>Und ihre Verantwortung ist riesig: Nichts weniger als der Fortbestand eines ganzen Kontinents steht auf dem Spiel\u2026\u201c<\/p>\n<p>&nbsp;<\/p>\n<p><strong>Was ist im Buch zu finden?<\/strong><\/p>\n<p>Nun, eine neue Dark-Fantasy-Welt namens Nank\u0101n, zwei Karten und eine etwas andere Heldin. Dazu kommen weitere MitstreiterInnen und jede Menge \u00c4rger sowie neue Formen der Waffen. Ich sage nur: Windb\u00fcchse. Unter anderem...<\/p>\n<\/div>\n<\/div><\/div><\/div><\/div><\/div>","protected":false},"excerpt":{"rendered":"<p>Die Klinge des Schicksals Teasertext: \u201eDan\u00e8stra, eine Abenteurerin und Kriegerin jenseits der 60, erwacht seit vielen Jahren manchmal beim Zubettgehen an neuen Orten in ihrer Heimat Nank\u0101n. Dann gibt es Aufgaben f\u00fcr sie zu l\u00f6sen und f\u00fcr das Gute einzustehen. Zusammen mit ihren drei T\u00f6chtern, dem j\u00fcngsten Sohn und ihrem<\/p>\n<div class=\"shariff shariff-align-flex-start shariff-widget-align-flex-start\"><ul class=\"shariff-buttons theme-round orientation-horizontal buttonsize-medium\"><li class=\"shariff-button facebook shariff-nocustomcolor\" style=\"background-color:#4273c8\"><a href=\"https:\/\/www.facebook.com\/sharer\/sharer.php?u=https%3A%2F%2Fwww.mahet.de%2F%3Fpage_id%3D58\" title=\"Bei Facebook teilen\" aria-label=\"Bei Facebook teilen\" role=\"button\" rel=\"nofollow\" class=\"shariff-link\" style=\"; background-color:#3b5998; color:#fff\" target=\"_blank\"><span class=\"shariff-icon\" style=\"\"><svg width=\"32px\" height=\"20px\" xmlns=\"http:\/\/www.w3.org\/2000\/svg\" viewBox=\"0 0 18 32\"><path fill=\"#3b5998\" d=\"M17.1 0.2v4.7h-2.8q-1.5 0-2.1 0.6t-0.5 1.9v3.4h5.2l-0.7 5.3h-4.5v13.6h-5.5v-13.6h-4.5v-5.3h4.5v-3.9q0-3.3 1.9-5.2t5-1.8q2.6 0 4.1 0.2z\"\/><\/svg><\/span><\/a><\/li><li class=\"shariff-button twitter shariff-nocustomcolor\" style=\"background-color:#595959\"><a href=\"https:\/\/twitter.com\/share?url=https%3A%2F%2Fwww.mahet.de%2F%3Fpage_id%3D58&text=Die%20Klinge%20des%20Schicksals\" title=\"Bei X teilen\" aria-label=\"Bei X teilen\" role=\"button\" rel=\"noopener nofollow\" class=\"shariff-link\" style=\"; background-color:#000; color:#fff\" target=\"_blank\"><span class=\"shariff-icon\" style=\"\"><svg width=\"32px\" height=\"20px\" xmlns=\"http:\/\/www.w3.org\/2000\/svg\" viewBox=\"0 0 24 24\"><path fill=\"#000\" d=\"M14.258 10.152L23.176 0h-2.113l-7.747 8.813L7.133 0H0l9.352 13.328L0 23.973h2.113l8.176-9.309 6.531 9.309h7.133zm-2.895 3.293l-.949-1.328L2.875 1.56h3.246l6.086 8.523.945 1.328 7.91 11.078h-3.246zm0 0\"\/><\/svg><\/span><\/a><\/li><\/ul><\/div>","protected":false},"author":1,"featured_media":0,"parent":12,"menu_order":0,"comment_status":"closed","ping_status":"closed","template":"template-fullwidth.php","meta":{"footnotes":""},"class_list":["post-58","page","type-page","status-publish","hentry"],"_links":{"self":[{"href":"https:\/\/www.mahet.de\/index.php?rest_route=\/wp\/v2\/pages\/58","targetHints":{"allow":["GET"]}}],"collection":[{"href":"https:\/\/www.mahet.de\/index.php?rest_route=\/wp\/v2\/pages"}],"about":[{"href":"https:\/\/www.mahet.de\/index.php?rest_route=\/wp\/v2\/types\/page"}],"author":[{"embeddable":true,"href":"https:\/\/www.mahet.de\/index.php?rest_route=\/wp\/v2\/users\/1"}],"replies":[{"embeddable":true,"href":"https:\/\/www.mahet.de\/index.php?rest_route=%2Fwp%2Fv2%2Fcomments&post=58"}],"version-history":[{"count":3,"href":"https:\/\/www.mahet.de\/index.php?rest_route=\/wp\/v2\/pages\/58\/revisions"}],"predecessor-version":[{"id":783,"href":"https:\/\/www.mahet.de\/index.php?rest_route=\/wp\/v2\/pages\/58\/revisions\/783"}],"up":[{"embeddable":true,"href":"https:\/\/www.mahet.de\/index.php?rest_route=\/wp\/v2\/pages\/12"}],"wp:attachment":[{"href":"https:\/\/www.mahet.de\/index.php?rest_route=%2Fwp%2Fv2%2Fmedia&parent=58"}],"curies":[{"name":"wp","href":"https:\/\/api.w.org\/{rel}","templated":true}]}}