{"id":59,"date":"2021-01-05T11:37:53","date_gmt":"2021-01-05T10:37:53","guid":{"rendered":"http:\/\/www.mahet.de\/mahet\/?page_id=59"},"modified":"2021-01-14T10:41:08","modified_gmt":"2021-01-14T09:41:08","slug":"der-fluch-des-drachen","status":"publish","type":"page","link":"https:\/\/www.mahet.de\/?page_id=59","title":{"rendered":"Der Fluch des Drachen"},"content":{"rendered":"<div id=\"pl-59\"  class=\"panel-layout\" ><div id=\"pg-59-0\"  class=\"panel-grid panel-no-style\" ><div id=\"pgc-59-0-0\"  class=\"panel-grid-cell\" ><div id=\"panel-59-0-0-0\" class=\"so-panel widget widget_media_image panel-first-child panel-last-child\" data-index=\"0\" ><img loading=\"lazy\" decoding=\"async\" width=\"300\" height=\"265\" src=\"https:\/\/www.mahet.de\/mahet\/wp-content\/uploads\/2021\/01\/image-300x265.jpeg\" class=\"image wp-image-190  attachment-300x265 size-300x265\" alt=\"\" style=\"max-width: 100%; height: auto;\" srcset=\"https:\/\/www.mahet.de\/mahet\/wp-content\/uploads\/2021\/01\/image-300x265.jpeg 300w, https:\/\/www.mahet.de\/mahet\/wp-content\/uploads\/2021\/01\/image-1024x904.jpeg 1024w, https:\/\/www.mahet.de\/mahet\/wp-content\/uploads\/2021\/01\/image-768x678.jpeg 768w, https:\/\/www.mahet.de\/mahet\/wp-content\/uploads\/2021\/01\/image.jpeg 1200w\" sizes=\"auto, (max-width: 300px) 100vw, 300px\" \/><\/div><\/div><div id=\"pgc-59-0-1\"  class=\"panel-grid-cell\" ><div id=\"panel-59-0-1-0\" class=\"so-panel widget widget_text panel-first-child panel-last-child\" data-index=\"1\" >\t\t\t<div class=\"textwidget\"><h2>DER FLUCH DES DRACHEN \u2013 ein Fantastical<\/h2>\n<p><strong>CD-Box mit Erz\u00e4hlung und eine CD nur mit den Songs<\/strong><\/p>\n<p><strong>Teasertext:<\/strong><\/p>\n<p>Es ist Geschichte des flei\u00dfigen Schmieds Adamas, der weder B\u00f6ses will noch ahnt und trotzdem pl\u00f6tzlich sieben Aufgaben, die es in sich haben, l\u00f6sen muss, um ein K\u00f6nigreich zu erringen.<\/p>\n<p>Doch der amtierende K\u00f6nig, der seinen Thron nicht abgeben will, hat t\u00fcckische Fallen gestellt. Seine willf\u00e4hrigen Helfer sind ein gef\u00e4hrlicher Krieger und weitere ziemlich gruseleske Gesch\u00f6pfe.<\/p>\n<p>Aber was ein robuster Schmied ist, der kann einiges vertragen und auch austeilen.<\/p>\n<p>Am Ende geht es nie nur um die Krone allein, sondern auch um die Hand der dazu geh\u00f6rigen K\u00f6nigstochter\u2026 Und die Reise zu seinem inneren, wahren Kern, den Adamas verborgen h\u00e4lt.<\/p>\n<p>Und hier beginnt das gr\u00f6\u00dfte Abenteuer, das Menschen zu bestehen regelm\u00e4\u00dfig aufgegeben wird, an dessen Ende vollkommenes Gl\u00fcck oder trostlose Trauer in Einsamkeit stehen k\u00f6nnen: Das Abenteuer der Liebe.<\/p>\n<p>&nbsp;<\/p>\n<p>\u2026 vielleicht kann sich nicht jeder sofort etwas unter einem Fantastical vorstellen, doch es trifft den Kern:<\/p>\n<p>\u201eDer Fluch des Drachen\u201c vereint die Opulenz eines energetischen Musicals mit der Wucht und Dramatik einer fulminanten Fantasy-Geschichte.<\/p>\n<p>Laut Definition steht Musical f\u00fcr eine popul\u00e4re Musiktheaterform, die Musik, Schauspiel und Gesang verbindet. Fantasy gilt als Genre der Phantastik, dessen Wurzeln sich in der Mythologie und den Sagen finden.<\/p>\n<p>Der Fluch des Drachen bietet beides \u2013 willkommen in der Welt des Fantasticals.<\/p>\n<p>Ein Ding, das wirklich so neu wie gro\u00df ist, weil es bestens bekannte Akteure verschiedener fantastischer Sparten zu einem neuen Genre vereint.<\/p>\n<p>Da ist zun\u00e4chst der packende Plot, der von keinem Geringeren als Markus Heitz kommt. Heitz z\u00e4hlt zu den popul\u00e4rsten Phantastik-Autoren des Landes, dessen Output bald schon nicht mehr in B\u00e4nden, sondern Regalmetern gemessen werden wird. Von Heitz\u2019 Geschichten kommt man schwer wieder los, stets sind sie von ungeheurer Sogkraft gepr\u00e4gt. Das Aussparen g\u00e4ngiger Fantasyklischees hat er sich zum Alleinstellungsmerkmal gemacht.<\/p>\n<p>Das hohe Qualit\u00e4tslevel wird eins zu eins auch musikalisch umgesetzt. Corvus Corax, die K\u00f6nige der Spielleute, haben die Musik geschrieben.<\/p>\n<p>Epische Elemente und Klangcollagen, die an Soundtracks erinnern, treffen auf authentische Musik des tats\u00e4chlichen Mittelalters und diese wieder auf popmusikalische Strukturen und Melodieb\u00f6gen aus der Jetztzeit, wie man sie von der Band noch nie geh\u00f6rt hat.<\/p>\n<p>Unter der \u00c4gide der Produzenten Ingo Politz und Marcus Gorstein entstand eine Mischung, die atmosph\u00e4risch dicht ist, dabei auch bei l\u00e4ngerer Handlung nie langweilt und dar\u00fcber hinaus mehr als einen Ohrwurm abwirft. Jede Figur wird mit Worten und Musik charakterisiert, beides erg\u00e4nzt sich perfekt und ist ohneeinander nicht vorstellbar. Die Musik unterbricht den Erz\u00e4hlstrang nicht, sondern erz\u00e4hlt ihn weiter.<\/p>\n<p>Und es braucht noch jemanden, der uns die Geschichte erz\u00e4hlt. Dieser Erz\u00e4hler ist der Motor hinter dem gewichtigen Projekt: Johannes Steck ist ein deutscher Schauspieler, der an einigen namhaften Theatern arbeitete und dem TV-Junkie durch etliche Serien bekannt ist. In der Fantasy-Gemeinde ist er eine feste Gr\u00f6\u00dfe, weil er sehr viele Genre-Romane und -Serien f\u00fcr H\u00f6rb\u00fccher eingelesen hat, meist in seinem eigenen Tonstudio. Er ist der Erz\u00e4hler des Kaltenberger Ritterturniers und hat auch diverse Erfahrungen mit Fantasy auf Liveb\u00fchnen. Steck ist die \u201eStimme der Fantasy\u201c und des Drachenfluchs.<\/p>\n<p>Mit gro\u00dfer Sorgfalt wurde auch bei der Besetzungswahl agiert, allesamt bekannte Namen konnten verpflichtet werden: Alea der Bescheidene ist sonst S\u00e4nger der weithin bekannten Mittelalter-Band \u201eSaltatio Mortis\u201c, Holly Loose kennt man als Frontmann der Crossover-Geigen-Fraktion \u201eLetzte Instanz\u201c. Ji-In Cho ist die bezaubernde koreanische R\u00f6hre der Aachener Symphonic-Metaller \u201eKrypteria\u201c und der Modern-Rockband \u201eAnd then she came\u201c, Birgit Ines Muggenthaler-Schmack bereichert mit ihrem Fl\u00f6tenspiel sonst Schandmaul und die Potsdamer Musical-S\u00e4ngerin Maxi Kerber ist bekannt von \u201eDie Betties\u201c. Nicht zuletzt sind die \u00fcberaus erfolgreiche Pagan-Folk-Band \u201eFaun\u201c komplett dabei sowie ihre ehemalige S\u00e4ngerin Katja Moslehner.<\/p>\n<p>&nbsp;<\/p>\n<p>Die gelungene Symbiose aus spannender Handlung, mitrei\u00dfender Musik und fantasievoller Ausstattung wird als Komplett-Dreifach-CD und Musik-Einzel-CD ver\u00f6ffentlicht. Und nat\u00fcrlich muss dieses Fantastical auf die B\u00fchnen. Wenn die Zeit wieder daf\u00fcr gekommen ist\u2026<\/p>\n<\/div>\n\t\t<\/div><\/div><\/div><\/div>","protected":false},"excerpt":{"rendered":"<p>DER FLUCH DES DRACHEN \u2013 ein Fantastical CD-Box mit Erz\u00e4hlung und eine CD nur mit den Songs Teasertext: Es ist Geschichte des flei\u00dfigen Schmieds Adamas, der weder B\u00f6ses will noch ahnt und trotzdem pl\u00f6tzlich sieben Aufgaben, die es in sich haben, l\u00f6sen muss, um ein K\u00f6nigreich zu erringen. Doch der<\/p>\n<div class=\"shariff shariff-align-left shariff-widget-align-left\"><ul class=\"shariff-buttons theme-round orientation-horizontal buttonsize-medium\"><li class=\"shariff-button facebook shariff-nocustomcolor\" style=\"background-color:#4273c8\"><a href=\"https:\/\/www.facebook.com\/sharer\/sharer.php?u=https%3A%2F%2Fwww.mahet.de%2F%3Fpage_id%3D59\" title=\"Bei Facebook teilen\" aria-label=\"Bei Facebook teilen\" role=\"button\" rel=\"nofollow\" class=\"shariff-link\" style=\"; background-color:#3b5998; color:#fff\" target=\"_blank\"><span class=\"shariff-icon\" style=\"\"><svg width=\"32px\" height=\"20px\" xmlns=\"http:\/\/www.w3.org\/2000\/svg\" viewBox=\"0 0 18 32\"><path fill=\"#3b5998\" d=\"M17.1 0.2v4.7h-2.8q-1.5 0-2.1 0.6t-0.5 1.9v3.4h5.2l-0.7 5.3h-4.5v13.6h-5.5v-13.6h-4.5v-5.3h4.5v-3.9q0-3.3 1.9-5.2t5-1.8q2.6 0 4.1 0.2z\"\/><\/svg><\/span><\/a><\/li><li class=\"shariff-button twitter shariff-nocustomcolor\" style=\"background-color:#595959\"><a href=\"https:\/\/twitter.com\/share?url=https%3A%2F%2Fwww.mahet.de%2F%3Fpage_id%3D59&text=Der%20Fluch%20des%20Drachen\" title=\"Bei X teilen\" aria-label=\"Bei X teilen\" role=\"button\" rel=\"noopener nofollow\" class=\"shariff-link\" style=\"; background-color:#000; color:#fff\" target=\"_blank\"><span class=\"shariff-icon\" style=\"\"><svg width=\"32px\" height=\"20px\" xmlns=\"http:\/\/www.w3.org\/2000\/svg\" viewBox=\"0 0 24 24\"><path fill=\"#000\" d=\"M14.258 10.152L23.176 0h-2.113l-7.747 8.813L7.133 0H0l9.352 13.328L0 23.973h2.113l8.176-9.309 6.531 9.309h7.133zm-2.895 3.293l-.949-1.328L2.875 1.56h3.246l6.086 8.523.945 1.328 7.91 11.078h-3.246zm0 0\"\/><\/svg><\/span><\/a><\/li><\/ul><\/div>","protected":false},"author":1,"featured_media":0,"parent":12,"menu_order":0,"comment_status":"closed","ping_status":"closed","template":"template-fullwidth.php","meta":{"footnotes":""},"class_list":["post-59","page","type-page","status-publish","hentry"],"_links":{"self":[{"href":"https:\/\/www.mahet.de\/index.php?rest_route=\/wp\/v2\/pages\/59","targetHints":{"allow":["GET"]}}],"collection":[{"href":"https:\/\/www.mahet.de\/index.php?rest_route=\/wp\/v2\/pages"}],"about":[{"href":"https:\/\/www.mahet.de\/index.php?rest_route=\/wp\/v2\/types\/page"}],"author":[{"embeddable":true,"href":"https:\/\/www.mahet.de\/index.php?rest_route=\/wp\/v2\/users\/1"}],"replies":[{"embeddable":true,"href":"https:\/\/www.mahet.de\/index.php?rest_route=%2Fwp%2Fv2%2Fcomments&post=59"}],"version-history":[{"count":3,"href":"https:\/\/www.mahet.de\/index.php?rest_route=\/wp\/v2\/pages\/59\/revisions"}],"predecessor-version":[{"id":193,"href":"https:\/\/www.mahet.de\/index.php?rest_route=\/wp\/v2\/pages\/59\/revisions\/193"}],"up":[{"embeddable":true,"href":"https:\/\/www.mahet.de\/index.php?rest_route=\/wp\/v2\/pages\/12"}],"wp:attachment":[{"href":"https:\/\/www.mahet.de\/index.php?rest_route=%2Fwp%2Fv2%2Fmedia&parent=59"}],"curies":[{"name":"wp","href":"https:\/\/api.w.org\/{rel}","templated":true}]}}