{"id":60,"date":"2021-01-05T11:37:53","date_gmt":"2021-01-05T10:37:53","guid":{"rendered":"http:\/\/www.mahet.de\/mahet\/?page_id=60"},"modified":"2021-01-14T14:38:27","modified_gmt":"2021-01-14T13:38:27","slug":"des-teufels-gebetbuch","status":"publish","type":"page","link":"https:\/\/www.mahet.de\/?page_id=60","title":{"rendered":"Des Teufels Gebetbuch"},"content":{"rendered":"<div id=\"pl-60\"  class=\"panel-layout\" ><div id=\"pg-60-0\"  class=\"panel-grid panel-no-style\" ><div id=\"pgc-60-0-0\"  class=\"panel-grid-cell\" ><div id=\"panel-60-0-0-0\" class=\"so-panel widget widget_media_image panel-first-child panel-last-child\" data-index=\"0\" ><img loading=\"lazy\" decoding=\"async\" width=\"282\" height=\"429\" src=\"https:\/\/www.mahet.de\/mahet\/wp-content\/uploads\/2021\/01\/Gebetbuch.jpg\" class=\"image wp-image-750  attachment-300x456 size-300x456\" alt=\"\" style=\"max-width: 100%; height: auto;\" srcset=\"https:\/\/www.mahet.de\/mahet\/wp-content\/uploads\/2021\/01\/Gebetbuch.jpg 282w, https:\/\/www.mahet.de\/mahet\/wp-content\/uploads\/2021\/01\/Gebetbuch-197x300.jpg 197w\" sizes=\"auto, (max-width: 282px) 100vw, 282px\" \/><\/div><\/div><div id=\"pgc-60-0-1\"  class=\"panel-grid-cell\" ><div id=\"panel-60-0-1-0\" class=\"so-panel widget widget_text panel-first-child panel-last-child\" data-index=\"1\" >\t\t\t<div class=\"textwidget\"><h2>DES TEUFELS GEBETBUCH<\/h2>\n<p class=\"bodytext\"><strong>Teasertext:<\/strong><br \/>\n<i>&#8222;Der ehemalige Profi-Spieler Tadeus Boch gelangt in Baden-Baden in den Besitz einer mysteri\u00f6sen Spielkarte aus einem vergangenen Jahrhundert. Alsbald ger\u00e4t er in einen Strudel unvorhergesehener und mysteri\u00f6ser Ereignisse, in dessen Zentrum die uralte Karte zu stehen scheint. Die Rede ist von einem Fluch. Was hat es mit ihr auf sich? Wer erschuf sie? Gibt es noch weitere? Wo k\u00f6nnte man sie finden? Daf\u00fcr interessieren sich viele, und bald wird Tadeus gejagt, w\u00e4hrend er versucht, dem Geheimnis auf die Spur zu kommen. Pl\u00f6tzlich steigt der Einsatz: Es ist nicht weniger als sein eigenes Leben&#8230;&#8220;<\/i><\/p>\n<p>Den Song CARDS dazu gibt es <a class=\"external-link-new-window\" title=\"\u00d6ffnet externen Link in neuem Fenster\" href=\"https:\/\/www.youtube.com\/watch?v=BuVci-j31tc\" target=\"_blank\" rel=\"noopener\">HIER<\/a>.<\/p>\n<p>Der Roman hat einen Gegenwartsteil, einen historischen Strang und einen wissenschaftlichen Anhang, in dem es um die Historie des Kartenspiels in Europa geht.<\/p>\n<p>Ich merkte n\u00e4mlich, dass fast die ganze Welt Poker, Canasta, Bridge, Mau-Mau, Black Jack &amp; Co zockt, aber die wenigsten Leute sich mit der Geschichte des Kartenspiels besch\u00e4ftigt haben.<\/p>\n<p>Ist so ein Historiker-Ding von mir.<\/p>\n<p>Ich fand es sehr spannend, die Entdeckungen einflie\u00dfen zu lassen. Nat\u00fcrlich hat das Pik Ass als Todeskarte ihren Auftritt (Mot\u00f6rhead-Alarm!), und ein eigenes Kartenspiel habe ich auch gebastelt: SUP\u00c9RIEUR!<\/p>\n<p>Der Titel &gt;DES TEUFELS GEBETBUCH&lt; geht \u00fcbrigens auf die abwertende Bezeichnung der gl\u00e4ubigen Christenmenschen zur\u00fcck, die das Kartenspiel als Werk des Teufels verdammten, da es so viele ins Ungl\u00fcck st\u00fcrzte.<\/p>\n<p>Nicht umsonst war das Kartenspiel im Mittelalter zun\u00e4chst verboten&#8230;<\/p>\n<\/div>\n\t\t<\/div><\/div><\/div><\/div>","protected":false},"excerpt":{"rendered":"<p>DES TEUFELS GEBETBUCH Teasertext: &#8222;Der ehemalige Profi-Spieler Tadeus Boch gelangt in Baden-Baden in den Besitz einer mysteri\u00f6sen Spielkarte aus einem vergangenen Jahrhundert. Alsbald ger\u00e4t er in einen Strudel unvorhergesehener und mysteri\u00f6ser Ereignisse, in dessen Zentrum die uralte Karte zu stehen scheint. Die Rede ist von einem Fluch. Was hat es<\/p>\n<div class=\"shariff shariff-align-left shariff-widget-align-left\"><ul class=\"shariff-buttons theme-round orientation-horizontal buttonsize-medium\"><li class=\"shariff-button facebook shariff-nocustomcolor\" style=\"background-color:#4273c8\"><a href=\"https:\/\/www.facebook.com\/sharer\/sharer.php?u=https%3A%2F%2Fwww.mahet.de%2F%3Fpage_id%3D60\" title=\"Bei Facebook teilen\" aria-label=\"Bei Facebook teilen\" role=\"button\" rel=\"nofollow\" class=\"shariff-link\" style=\"; background-color:#3b5998; color:#fff\" target=\"_blank\"><span class=\"shariff-icon\" style=\"\"><svg width=\"32px\" height=\"20px\" xmlns=\"http:\/\/www.w3.org\/2000\/svg\" viewBox=\"0 0 18 32\"><path fill=\"#3b5998\" d=\"M17.1 0.2v4.7h-2.8q-1.5 0-2.1 0.6t-0.5 1.9v3.4h5.2l-0.7 5.3h-4.5v13.6h-5.5v-13.6h-4.5v-5.3h4.5v-3.9q0-3.3 1.9-5.2t5-1.8q2.6 0 4.1 0.2z\"\/><\/svg><\/span><\/a><\/li><li class=\"shariff-button twitter shariff-nocustomcolor\" style=\"background-color:#595959\"><a href=\"https:\/\/twitter.com\/share?url=https%3A%2F%2Fwww.mahet.de%2F%3Fpage_id%3D60&text=Des%20Teufels%20Gebetbuch\" title=\"Bei X teilen\" aria-label=\"Bei X teilen\" role=\"button\" rel=\"noopener nofollow\" class=\"shariff-link\" style=\"; background-color:#000; color:#fff\" target=\"_blank\"><span class=\"shariff-icon\" style=\"\"><svg width=\"32px\" height=\"20px\" xmlns=\"http:\/\/www.w3.org\/2000\/svg\" viewBox=\"0 0 24 24\"><path fill=\"#000\" d=\"M14.258 10.152L23.176 0h-2.113l-7.747 8.813L7.133 0H0l9.352 13.328L0 23.973h2.113l8.176-9.309 6.531 9.309h7.133zm-2.895 3.293l-.949-1.328L2.875 1.56h3.246l6.086 8.523.945 1.328 7.91 11.078h-3.246zm0 0\"\/><\/svg><\/span><\/a><\/li><\/ul><\/div>","protected":false},"author":1,"featured_media":0,"parent":12,"menu_order":0,"comment_status":"closed","ping_status":"closed","template":"template-fullwidth.php","meta":{"footnotes":""},"class_list":["post-60","page","type-page","status-publish","hentry"],"_links":{"self":[{"href":"https:\/\/www.mahet.de\/index.php?rest_route=\/wp\/v2\/pages\/60","targetHints":{"allow":["GET"]}}],"collection":[{"href":"https:\/\/www.mahet.de\/index.php?rest_route=\/wp\/v2\/pages"}],"about":[{"href":"https:\/\/www.mahet.de\/index.php?rest_route=\/wp\/v2\/types\/page"}],"author":[{"embeddable":true,"href":"https:\/\/www.mahet.de\/index.php?rest_route=\/wp\/v2\/users\/1"}],"replies":[{"embeddable":true,"href":"https:\/\/www.mahet.de\/index.php?rest_route=%2Fwp%2Fv2%2Fcomments&post=60"}],"version-history":[{"count":3,"href":"https:\/\/www.mahet.de\/index.php?rest_route=\/wp\/v2\/pages\/60\/revisions"}],"predecessor-version":[{"id":781,"href":"https:\/\/www.mahet.de\/index.php?rest_route=\/wp\/v2\/pages\/60\/revisions\/781"}],"up":[{"embeddable":true,"href":"https:\/\/www.mahet.de\/index.php?rest_route=\/wp\/v2\/pages\/12"}],"wp:attachment":[{"href":"https:\/\/www.mahet.de\/index.php?rest_route=%2Fwp%2Fv2%2Fmedia&parent=60"}],"curies":[{"name":"wp","href":"https:\/\/api.w.org\/{rel}","templated":true}]}}