{"id":61,"date":"2021-01-05T11:37:53","date_gmt":"2021-01-05T10:37:53","guid":{"rendered":"http:\/\/www.mahet.de\/mahet\/?page_id=61"},"modified":"2021-01-14T14:47:24","modified_gmt":"2021-01-14T13:47:24","slug":"wedora","status":"publish","type":"page","link":"https:\/\/www.mahet.de\/?page_id=61","title":{"rendered":"W\u00e9d\u014dra"},"content":{"rendered":"<div id=\"pl-61\"  class=\"panel-layout\" ><div id=\"pg-61-0\"  class=\"panel-grid panel-no-style\" ><div id=\"pgc-61-0-0\"  class=\"panel-grid-cell\" ><div id=\"panel-61-0-0-0\" class=\"so-panel widget widget_text panel-first-child panel-last-child\" data-index=\"0\" >\t\t\t<div class=\"textwidget\"><h2>W\u00c9DORA<\/h2>\n<p><strong>Eine komplett neue Welt, anderes Setting: W\u00fcste!<\/strong><\/p>\n<p>Wie es sich f\u00fcr einen ehemaligen Rollenspieler geh\u00f6rt, habe ich alleine 36 Seiten nur Hintergrundinfos zu den Stadtvierteln, den L\u00e4ndern etc..<\/p>\n<p>Und W\u00fcste ist nicht nur W\u00fcste: Sand, Ger\u00f6ll, Kies, Trockenw\u00fcste, Gebirge, sogar Eis &#8211; vieles wird m\u00f6glich sein.<\/p>\n<\/div>\n\t\t<\/div><\/div><\/div><div id=\"pg-61-1\"  class=\"panel-grid panel-no-style\" ><div id=\"pgc-61-1-0\"  class=\"panel-grid-cell\" ><div id=\"panel-61-1-0-0\" class=\"so-panel widget widget_media_image panel-first-child panel-last-child\" data-index=\"1\" ><img loading=\"lazy\" decoding=\"async\" width=\"300\" height=\"456\" src=\"https:\/\/www.mahet.de\/mahet\/wp-content\/uploads\/2021\/01\/SchattenTod-673x1024.jpg\" class=\"image wp-image-760  attachment-300x456 size-300x456\" alt=\"\" style=\"max-width: 100%; height: auto;\" srcset=\"https:\/\/www.mahet.de\/mahet\/wp-content\/uploads\/2021\/01\/SchattenTod-673x1024.jpg 673w, https:\/\/www.mahet.de\/mahet\/wp-content\/uploads\/2021\/01\/SchattenTod-197x300.jpg 197w, https:\/\/www.mahet.de\/mahet\/wp-content\/uploads\/2021\/01\/SchattenTod-768x1168.jpg 768w, https:\/\/www.mahet.de\/mahet\/wp-content\/uploads\/2021\/01\/SchattenTod-1010x1536.jpg 1010w, https:\/\/www.mahet.de\/mahet\/wp-content\/uploads\/2021\/01\/SchattenTod-1347x2048.jpg 1347w, https:\/\/www.mahet.de\/mahet\/wp-content\/uploads\/2021\/01\/SchattenTod.jpg 1600w\" sizes=\"auto, (max-width: 300px) 100vw, 300px\" \/><\/div><\/div><div id=\"pgc-61-1-1\"  class=\"panel-grid-cell\" ><div id=\"panel-61-1-1-0\" class=\"so-panel widget widget_text panel-first-child panel-last-child\" data-index=\"2\" >\t\t\t<div class=\"textwidget\"><div class=\"csc-header csc-header-n1\">\n<h2 class=\"csc-firstHeader\">W\u00e9d\u014dra &#8211; Staub und Blut (Band 1)<\/h2>\n<\/div>\n<p class=\"bodytext\"><strong>Teasertext:<\/strong><\/p>\n<p>\u201eIm Mittelpunkt einer gigantischen W\u00fcste liegt die schwer befestigte Stadt W\u00e9d\u014dra.<\/p>\n<p>S\u00e4mtliche Handelswege kreuzen sich hier, nur hier k\u00f6nnen Karawanen, Kaufleute und Reisende Wasser und Schutz finden. Etwa Million Bewohner, neun Stadtviertel, neun intrigante Statthalter, und \u00fcber alle befiehlt ein mysteri\u00f6ser Herrscher aus seinem Turm heraus.<\/p>\n<p>In diese Stadt verschl\u00e4gt es den Halunken Liothan und die Gesetzesh\u00fcterin Tomeija.<\/p>\n<p>Doch W\u00e9d\u014dra steht kurz vor einem gewaltigen Krieg, denn die Grotte mit der unersch\u00f6pflichen Quelle, die die Stadt zum m\u00e4chtigen Handelszentrum hat aufsteigen lassen, war einst das gr\u00f6\u00dfte Heiligtum der W\u00fcstenv\u00f6lker. Mit einer List verschafften sich die Kaufleute die alleinige Verf\u00fcgungsgewalt \u00fcber das Wasser. Nun rufen die geheimnisvollen St\u00e4mme der W\u00fcste zum Sturm auf die m\u00e4chtige Stadt.<\/p>\n<p>Liothan und Tomeija geraten schnell in ein t\u00f6dliches Netz aus L\u00fcgen und Verschw\u00f6rungen, besitzen sie doch F\u00e4higkeiten, die f\u00fcr viele Seiten interessant sind&#8230;\u201c<\/p>\n<div class=\"csc-header csc-header-n1\"><\/div>\n<p>&nbsp;<\/p>\n<\/div>\n\t\t<\/div><\/div><\/div><div id=\"pg-61-2\"  class=\"panel-grid panel-no-style\" ><div id=\"pgc-61-2-0\"  class=\"panel-grid-cell\" ><div id=\"panel-61-2-0-0\" class=\"so-panel widget widget_media_image panel-first-child panel-last-child\" data-index=\"3\" ><img loading=\"lazy\" decoding=\"async\" width=\"282\" height=\"429\" src=\"https:\/\/www.mahet.de\/mahet\/wp-content\/uploads\/2021\/01\/StaubBlut.jpg\" class=\"image wp-image-762  attachment-300x456 size-300x456\" alt=\"\" style=\"max-width: 100%; height: auto;\" srcset=\"https:\/\/www.mahet.de\/mahet\/wp-content\/uploads\/2021\/01\/StaubBlut.jpg 282w, https:\/\/www.mahet.de\/mahet\/wp-content\/uploads\/2021\/01\/StaubBlut-197x300.jpg 197w\" sizes=\"auto, (max-width: 282px) 100vw, 282px\" \/><\/div><\/div><div id=\"pgc-61-2-1\"  class=\"panel-grid-cell\" ><div id=\"panel-61-2-1-0\" class=\"so-panel widget widget_text panel-first-child panel-last-child\" data-index=\"4\" >\t\t\t<div class=\"textwidget\"><div class=\"csc-header csc-header-n1\">\n<div class=\"csc-header csc-header-n1\">\n<h2 class=\"csc-firstHeader\">W\u00e9d\u014dra &#8211; Schatten und Tod (Band 2)<\/h2>\n<\/div>\n<p class=\"bodytext\"><strong>Teasertext:<\/strong><\/p>\n<p>\u201eW\u00e9d\u014dra birgt noch so manches Geheimnis f\u00fcr die Freunde Liothan und Tomeija, die es auf magische Weise in die schwer befestigte W\u00fcstenstadt verschlagen hat.<\/p>\n<p>W\u00e4hrend Liothan in alte Gewohnheiten verf\u00e4llt und sich in W\u00e9d\u014dras Unterwelt einen Namen macht, wird Tomeija vom geheimnisumwitterten Herrscher der Stadt zur obersten Gesetzesh\u00fcterin berufen. Sie kann nicht ahnen, dass sie bald nicht nur gegen Verbrechen und m\u00f6rderische Intrigen vorgehen muss, sondern auch gegen ihren Freund aus Kindheitstagen.<\/p>\n<p>Doch damit nicht genug: Zwei benachbarte K\u00f6nigreiche r\u00fcsten sich zum Krieg, und die neutrale Stadt wird gegen ihren Willen in die Feindseligkeiten verwickelt \u2013 und Liothan und Tomeija werden pl\u00f6tzlich zu den entscheidenden Figuren in einem m\u00f6rderischen Konflikt&#8230;.\u201c<\/p>\n<\/div>\n<p>&nbsp;<\/p>\n<p class=\"align-center\"><img loading=\"lazy\" decoding=\"async\" src=\"http:\/\/www.mahet.de\/fileadmin\/Bilder\/Wedora_Stadtkarte_Heitz.jpg\" alt=\"\" width=\"380\" height=\"364\" \/><\/p>\n<\/div>\n\t\t<\/div><\/div><\/div><\/div>","protected":false},"excerpt":{"rendered":"<p>W\u00c9DORA Eine komplett neue Welt, anderes Setting: W\u00fcste! Wie es sich f\u00fcr einen ehemaligen Rollenspieler geh\u00f6rt, habe ich alleine 36 Seiten nur Hintergrundinfos zu den Stadtvierteln, den L\u00e4ndern etc.. Und W\u00fcste ist nicht nur W\u00fcste: Sand, Ger\u00f6ll, Kies, Trockenw\u00fcste, Gebirge, sogar Eis &#8211; vieles wird m\u00f6glich sein. W\u00e9d\u014dra &#8211; Staub<\/p>\n<div class=\"shariff shariff-align-left shariff-widget-align-left\"><ul class=\"shariff-buttons theme-round orientation-horizontal buttonsize-medium\"><li class=\"shariff-button facebook shariff-nocustomcolor\" style=\"background-color:#4273c8\"><a href=\"https:\/\/www.facebook.com\/sharer\/sharer.php?u=https%3A%2F%2Fwww.mahet.de%2F%3Fpage_id%3D61\" title=\"Bei Facebook teilen\" aria-label=\"Bei Facebook teilen\" role=\"button\" rel=\"nofollow\" class=\"shariff-link\" style=\"; background-color:#3b5998; color:#fff\" target=\"_blank\"><span class=\"shariff-icon\" style=\"\"><svg width=\"32px\" height=\"20px\" xmlns=\"http:\/\/www.w3.org\/2000\/svg\" viewBox=\"0 0 18 32\"><path fill=\"#3b5998\" d=\"M17.1 0.2v4.7h-2.8q-1.5 0-2.1 0.6t-0.5 1.9v3.4h5.2l-0.7 5.3h-4.5v13.6h-5.5v-13.6h-4.5v-5.3h4.5v-3.9q0-3.3 1.9-5.2t5-1.8q2.6 0 4.1 0.2z\"\/><\/svg><\/span><\/a><\/li><li class=\"shariff-button twitter shariff-nocustomcolor\" style=\"background-color:#595959\"><a href=\"https:\/\/twitter.com\/share?url=https%3A%2F%2Fwww.mahet.de%2F%3Fpage_id%3D61&text=W%C3%A9d%C5%8Dra\" title=\"Bei X teilen\" aria-label=\"Bei X teilen\" role=\"button\" rel=\"noopener nofollow\" class=\"shariff-link\" style=\"; background-color:#000; color:#fff\" target=\"_blank\"><span class=\"shariff-icon\" style=\"\"><svg width=\"32px\" height=\"20px\" xmlns=\"http:\/\/www.w3.org\/2000\/svg\" viewBox=\"0 0 24 24\"><path fill=\"#000\" d=\"M14.258 10.152L23.176 0h-2.113l-7.747 8.813L7.133 0H0l9.352 13.328L0 23.973h2.113l8.176-9.309 6.531 9.309h7.133zm-2.895 3.293l-.949-1.328L2.875 1.56h3.246l6.086 8.523.945 1.328 7.91 11.078h-3.246zm0 0\"\/><\/svg><\/span><\/a><\/li><\/ul><\/div>","protected":false},"author":1,"featured_media":0,"parent":12,"menu_order":0,"comment_status":"closed","ping_status":"closed","template":"template-fullwidth.php","meta":{"footnotes":""},"class_list":["post-61","page","type-page","status-publish","hentry"],"_links":{"self":[{"href":"https:\/\/www.mahet.de\/index.php?rest_route=\/wp\/v2\/pages\/61","targetHints":{"allow":["GET"]}}],"collection":[{"href":"https:\/\/www.mahet.de\/index.php?rest_route=\/wp\/v2\/pages"}],"about":[{"href":"https:\/\/www.mahet.de\/index.php?rest_route=\/wp\/v2\/types\/page"}],"author":[{"embeddable":true,"href":"https:\/\/www.mahet.de\/index.php?rest_route=\/wp\/v2\/users\/1"}],"replies":[{"embeddable":true,"href":"https:\/\/www.mahet.de\/index.php?rest_route=%2Fwp%2Fv2%2Fcomments&post=61"}],"version-history":[{"count":3,"href":"https:\/\/www.mahet.de\/index.php?rest_route=\/wp\/v2\/pages\/61\/revisions"}],"predecessor-version":[{"id":796,"href":"https:\/\/www.mahet.de\/index.php?rest_route=\/wp\/v2\/pages\/61\/revisions\/796"}],"up":[{"embeddable":true,"href":"https:\/\/www.mahet.de\/index.php?rest_route=\/wp\/v2\/pages\/12"}],"wp:attachment":[{"href":"https:\/\/www.mahet.de\/index.php?rest_route=%2Fwp%2Fv2%2Fmedia&parent=61"}],"curies":[{"name":"wp","href":"https:\/\/api.w.org\/{rel}","templated":true}]}}