{"id":62,"date":"2021-01-05T11:37:53","date_gmt":"2021-01-05T10:37:53","guid":{"rendered":"http:\/\/www.mahet.de\/mahet\/?page_id=62"},"modified":"2021-01-14T14:37:47","modified_gmt":"2021-01-14T13:37:47","slug":"aera","status":"publish","type":"page","link":"https:\/\/www.mahet.de\/?page_id=62","title":{"rendered":"AERA"},"content":{"rendered":"<div id=\"pl-62\"  class=\"panel-layout\" ><div id=\"pg-62-0\"  class=\"panel-grid panel-no-style\" ><div id=\"pgc-62-0-0\"  class=\"panel-grid-cell\" ><div id=\"panel-62-0-0-0\" class=\"so-panel widget widget_text panel-first-child panel-last-child\" data-index=\"0\" >\t\t\t<div class=\"textwidget\"><h2>AERA: Die R\u00fcckkehr der G\u00f6tter<br \/>\nAERA: Die dunkelste Nacht (in 2022)<\/h2>\n<p class=\"bodytext\">\n<\/div>\n\t\t<\/div><\/div><\/div><div id=\"pg-62-1\"  class=\"panel-grid panel-no-style\" ><div id=\"pgc-62-1-0\"  class=\"panel-grid-cell\" ><div id=\"panel-62-1-0-0\" class=\"so-panel widget widget_media_image panel-first-child panel-last-child\" data-index=\"1\" ><img loading=\"lazy\" decoding=\"async\" width=\"300\" height=\"457\" src=\"https:\/\/www.mahet.de\/mahet\/wp-content\/uploads\/2021\/01\/aera.jpg\" class=\"image wp-image-740  attachment-300x457 size-300x457\" alt=\"\" style=\"max-width: 100%; height: auto;\" srcset=\"https:\/\/www.mahet.de\/mahet\/wp-content\/uploads\/2021\/01\/aera.jpg 320w, https:\/\/www.mahet.de\/mahet\/wp-content\/uploads\/2021\/01\/aera-197x300.jpg 197w\" sizes=\"auto, (max-width: 300px) 100vw, 300px\" \/><\/div><\/div><div id=\"pgc-62-1-1\"  class=\"panel-grid-cell\" ><div id=\"panel-62-1-1-0\" class=\"so-panel widget widget_text panel-first-child panel-last-child\" data-index=\"2\" >\t\t\t<div class=\"textwidget\"><h2>AERA: Die R\u00fcckkehr der G\u00f6tter<\/h2>\n<p><strong>Teasertext:<\/strong><\/p>\n<p>\u201eIm Jahr 2019 herrscht eine neue Weltordnung: Die G\u00f6tter kehren auf die Erde zur\u00fcck.<\/p>\n<p>Alle G\u00f6tter &#8211; bis auf einen.<\/p>\n<p>W\u00e4hrend Odin, Zeus, Manitu, Anubis, Shiva und Co. sich ihre alten Kultst\u00e4tten zur\u00fcckholen und ihre Anh\u00e4nger um sich scharen, warten Christen, Moslems und Juden vergeblich. Die einst m\u00e4chtigsten Religionen der Welt werden bald als bedeutungslose Sekten bel\u00e4chelt.<\/p>\n<p>Und mittendrin ein Ermittler, der bei Verbrechern von g\u00f6ttlichen Wesen ermitteln muss. Als Atheist\u2026\u201c<\/p>\n<\/div>\n\t\t<\/div><\/div><\/div><div id=\"pg-62-2\"  class=\"panel-grid panel-no-style\" ><div id=\"pgc-62-2-0\"  class=\"panel-grid-cell\" ><div id=\"panel-62-2-0-0\" class=\"so-panel widget widget_text panel-first-child panel-last-child\" data-index=\"3\" >\t\t\t<div class=\"textwidget\"><p>Die Idee stammt aus dem Jahr 2012, als es hie\u00df, die Welt ginge unter, weil der Kalender der Maya zu Ende sei.<\/p>\n<p>Besch\u00e4ftigte man sich allerdings n\u00e4her mit den ganzen Vorhersagen, kam man sehr schnell darauf, dass von \u00c4nderungen die Rede war, von Ver\u00e4nderungen, die eintreten w\u00fcrden. Aber keiner sprach von einem Untergang der Menschheit oder \u00e4hnlichem. Ist gl\u00fccklicherweise nicht geschehen.<\/p>\n<p>Und ich dachte mir: WAS w\u00e4re denn eine gravierende \u00c4nderung?<\/p>\n<p>Was w\u00fcrde die moderne Welt und die inzwischen doch recht abgeh\u00e4rtete und abgekl\u00e4rte Menschheit ersch\u00fcttern, wenn wir die \u00fcblichen Naturkatastrophen, Asteroideneinschl\u00e4ge und Seuchen au\u00dfen vor lassen?<\/p>\n<p>Genau, das an sich Unm\u00f6gliche: Wenn aus GLAUBE pl\u00f6tzlich WISSEN wird!<\/p>\n<p>So kam mir der Gedanke, dass so ziemlich alle alten und uralten G\u00f6tter zur\u00fcckkehren, zu denen die Menschheit in der Vergangenheit betete. Und zwar sehr real und in Person oder in einer Erscheinungsform oder durch ihr unmissverst\u00e4ndliches Wirken.<\/p>\n<p>\u2026 au\u00dfer den drei \u201eGro\u00dfen\u201c: der Christengott, Allah und Jahwe.<\/p>\n<p>Diese drei tauchen NICHT auf.<\/p>\n<p>Nicht aus Ablehnung von Islam, Christentum oder Judentum. Sondern weil ihr Fehlen die Welt noch mehr ersch\u00fcttern w\u00fcrde, da diese drei Religionen aktuell f\u00fchrend und bestimmend auf der Erde sind: politisch, wirtschaftlich, gesellschaftlich.<\/p>\n<p>Entzieht man jenen die Grundlage oder gibt anderen Religionen pl\u00f6tzlich eine unnegierbare Basis \u2013 WAS w\u00fcrde geschehen?<\/p>\n<p>Zumal ich mich als Historiker schon immer fragte, wie es mit dem Christentum ausgegangen w\u00e4re, wenn Konstantin der Gro\u00dfe die Schlacht an der Milvischen Br\u00fccke im Jahr 312 n. Chr. verloren h\u00e4tte \u2026<\/p>\n<p>Der Gedanke gefiel mir, und das alte Rollenspielerherz freute sich auf den Umbau der Welt, der zwangsl\u00e4ufig damit einher gehen w\u00fcrde.<\/p>\n<p>&nbsp;<\/p>\n<p>\u201e\u2026. Sie ritten aus den Himmeln. Sie stiegen aus Pyramiden, aus Tempeln und Schreinen und Heiligt\u00fcmern, aus W\u00e4ldern, S\u00fcmpfen und Nebel. Sie sprachen zu den Ihren -einfach \u00fcberall. Mannigfaltig kamen sie. Die Meldung \u00fcber Sichtungen und die Wunder, die sie vollbrachten, h\u00e4uften sich.<\/p>\n<p>Egal ob Manitu oder \u00e4hnliche Wesen, ob Mictlantecuhtli, ob Anubis, ob Odin und Thor, ob namenlose Naturgottheiten oder legend\u00e4re Gottheiten, wie Mars oder Hephaiston, ob Olorun, ob Erdmutter, ob Loa, ob Shiva oder Kami oder Cai Shen.<\/p>\n<p>Manche G\u00f6tter traten vor Kameras, gaben Interviews und denen Mut und Antrieb, die immer an sie geglaubt hatten und deswegen verspottet worden waren.<\/p>\n<p>Manche G\u00f6tter nahmen sich ihre alten Kultst\u00e4tten wieder, auf denen vor allem die Christen ihre Kirchen gestellt hatten. Pr\u00e4chtige Bauten wurden dem Erdboden gleichgemacht, verschlossen, umgebaut und durch die vergessenen Symbole ersetzt.<\/p>\n<p>Manche G\u00f6tter lebten mitunter unter den Sterblichen, in alten Tempeln, in neu errichteten Anlagen, in Hochh\u00e4usern, in unterirdischen Bunkern, in kilometerhohen T\u00fcrmen.<\/p>\n<p>Manche von ihnen gingen mit der Zeit und gr\u00fcndeten Firmen, um ihren Einfluss in der Welt der Sterblichen auf zus\u00e4tzliche Weise auszubreiten, mischten sich in Wertpapierhandel ein oder bet\u00e4tigten sich auf andere Weise in der Wirtschaft.<\/p>\n<p>Manche G\u00f6tter nahmen Auserw\u00e4hlte mit auf andere Planeten. Man brachte Andenken von dort mit, errichtete Geb\u00e4ude, um dort zu verweilen. So sagen es die Ger\u00fcchte.<\/p>\n<p>Und die Konzerne hatten nat\u00fcrlich ein enormes Interesse, mit den G\u00f6ttern ins Gesch\u00e4ft zu kommen.<\/p>\n<p>Und siehe, eine neue AERA der Historie begann: Aus GLAUBE wurde WISSEN.<\/p>\n<p>\u2026 nur die Christen, die Moslems und die Juden warteten vergebens.<\/p>\n<p>Kein Gott, kein Allah und kein Jahwe.<\/p>\n<p>Keine Engel, keine D\u00e4monen.<\/p>\n<p>Nicht einmal der Teufel erschien \u2026<\/p>\n<p>Weswegen? Oder wandelten sie verborgen unter ihren Gl\u00e4ubigen?<\/p>\n<p>Es gab keine Antwort.<\/p>\n<p>Die einst m\u00e4chtigsten und aggressivsten Religionen in der Historie der Welt schrumpften, wurden zu Sekten ohne Gott. Sie spielen kaum mehr eine Rolle, ihre Anh\u00e4nger werden mal verlacht, mal verspottet. Zwar wehrten sie sich mit Kriegen gegen die Entit\u00e4ten, aber das Vorhaben war zum Scheitern verurteilt.<\/p>\n<p>So \u00e4nderte sich die Welt in verschiedenen Phasen bis zum Jahr 2019.<\/p>\n<p>Ob zum Guten oder zum Schlechten \u2013 das musste sich noch herausstellen.<\/p>\n<p>&nbsp;<\/p>\n<p>Die WELT im November 2019<\/p>\n<p>Von der Stimmung her wird es zwischen BladeRunner und FilmNoir liegen plus einer Prise SinCity.<\/p>\n<p>Kleine r\u00e4tselhafte Gadgets k\u00f6nnen durchaus vorkommen, bedingt durch das G\u00f6ttliche und die Reisen auf andere Planeten oder in andere Sph\u00e4ren oder Dimensionen, stehen aber nicht im Zentrum.<\/p>\n<p>Die Handlungsschaupl\u00e4tze sind mal Treva (Hamburg), mal London (der Br\u00fcckenkopf f\u00fcr die hinduistischen G\u00f6tter nach Europa), mal ist es Neu Carthago, mal Rom, mal sind wir mit dem Helden in der mystischen Bretagne oder im Baltikum unterwegs. Und sicher auch mal in Gomorrah.<\/p>\n<p>Wie sich wohl die USA ver\u00e4nderte? Was wurde aus den mittel- und s\u00fcdamerikanischen Staaten? Wer in Europa konvertierte sofort zu welcher Religion und wer nicht?<\/p>\n<p>Und was ist mit Deutschland?<\/p>\n<p>&nbsp;<\/p>\n<p>Malleus Bourreau \u2013<\/p>\n<p>ist Ermittler bei Interpol, den man allerdings auch als privaten Ermittler engagieren kann.<\/p>\n<p>Seine Besonderheit: Er ist Atheist &#8211; in einer Welt, die nur so wimmelt von G\u00f6ttern.<\/p>\n<p>Malleus ist der \u00dcberzeugung, dass diese G\u00f6tter nichts anderes sind als Aliens, Roboter oder Projektionen, um die Massen zu kontrollieren.<\/p>\n<p>Deswegen ist er als Ermittler so beliebt: Er hat keinen Respekt vor ihnen, vor allem wenn eine Entit\u00e4t in ein Verbrechen verwickelt ist. Gerade BEI den G\u00f6ttern.<\/p>\n<p>Aber auch er hat Geheimnisse.<\/p>\n<p>Dunkle Geheimnisse \u2026<\/p>\n<\/div>\n\t\t<\/div><\/div><\/div><\/div>","protected":false},"excerpt":{"rendered":"<p>AERA: Die R\u00fcckkehr der G\u00f6tter AERA: Die dunkelste Nacht (in 2022) AERA: Die R\u00fcckkehr der G\u00f6tter Teasertext: \u201eIm Jahr 2019 herrscht eine neue Weltordnung: Die G\u00f6tter kehren auf die Erde zur\u00fcck. Alle G\u00f6tter &#8211; bis auf einen. W\u00e4hrend Odin, Zeus, Manitu, Anubis, Shiva und Co. sich ihre alten Kultst\u00e4tten zur\u00fcckholen<\/p>\n<div class=\"shariff shariff-align-left shariff-widget-align-left\"><ul class=\"shariff-buttons theme-round orientation-horizontal buttonsize-medium\"><li class=\"shariff-button facebook shariff-nocustomcolor\" style=\"background-color:#4273c8\"><a href=\"https:\/\/www.facebook.com\/sharer\/sharer.php?u=https%3A%2F%2Fwww.mahet.de%2F%3Fpage_id%3D62\" title=\"Bei Facebook teilen\" aria-label=\"Bei Facebook teilen\" role=\"button\" rel=\"nofollow\" class=\"shariff-link\" style=\"; background-color:#3b5998; color:#fff\" target=\"_blank\"><span class=\"shariff-icon\" style=\"\"><svg width=\"32px\" height=\"20px\" xmlns=\"http:\/\/www.w3.org\/2000\/svg\" viewBox=\"0 0 18 32\"><path fill=\"#3b5998\" d=\"M17.1 0.2v4.7h-2.8q-1.5 0-2.1 0.6t-0.5 1.9v3.4h5.2l-0.7 5.3h-4.5v13.6h-5.5v-13.6h-4.5v-5.3h4.5v-3.9q0-3.3 1.9-5.2t5-1.8q2.6 0 4.1 0.2z\"\/><\/svg><\/span><\/a><\/li><li class=\"shariff-button twitter shariff-nocustomcolor\" style=\"background-color:#595959\"><a href=\"https:\/\/twitter.com\/share?url=https%3A%2F%2Fwww.mahet.de%2F%3Fpage_id%3D62&text=AERA\" title=\"Bei X teilen\" aria-label=\"Bei X teilen\" role=\"button\" rel=\"noopener nofollow\" class=\"shariff-link\" style=\"; background-color:#000; color:#fff\" target=\"_blank\"><span class=\"shariff-icon\" style=\"\"><svg width=\"32px\" height=\"20px\" xmlns=\"http:\/\/www.w3.org\/2000\/svg\" viewBox=\"0 0 24 24\"><path fill=\"#000\" d=\"M14.258 10.152L23.176 0h-2.113l-7.747 8.813L7.133 0H0l9.352 13.328L0 23.973h2.113l8.176-9.309 6.531 9.309h7.133zm-2.895 3.293l-.949-1.328L2.875 1.56h3.246l6.086 8.523.945 1.328 7.91 11.078h-3.246zm0 0\"\/><\/svg><\/span><\/a><\/li><\/ul><\/div>","protected":false},"author":1,"featured_media":0,"parent":12,"menu_order":0,"comment_status":"closed","ping_status":"closed","template":"template-fullwidth.php","meta":{"footnotes":""},"class_list":["post-62","page","type-page","status-publish","hentry"],"_links":{"self":[{"href":"https:\/\/www.mahet.de\/index.php?rest_route=\/wp\/v2\/pages\/62","targetHints":{"allow":["GET"]}}],"collection":[{"href":"https:\/\/www.mahet.de\/index.php?rest_route=\/wp\/v2\/pages"}],"about":[{"href":"https:\/\/www.mahet.de\/index.php?rest_route=\/wp\/v2\/types\/page"}],"author":[{"embeddable":true,"href":"https:\/\/www.mahet.de\/index.php?rest_route=\/wp\/v2\/users\/1"}],"replies":[{"embeddable":true,"href":"https:\/\/www.mahet.de\/index.php?rest_route=%2Fwp%2Fv2%2Fcomments&post=62"}],"version-history":[{"count":3,"href":"https:\/\/www.mahet.de\/index.php?rest_route=\/wp\/v2\/pages\/62\/revisions"}],"predecessor-version":[{"id":779,"href":"https:\/\/www.mahet.de\/index.php?rest_route=\/wp\/v2\/pages\/62\/revisions\/779"}],"up":[{"embeddable":true,"href":"https:\/\/www.mahet.de\/index.php?rest_route=\/wp\/v2\/pages\/12"}],"wp:attachment":[{"href":"https:\/\/www.mahet.de\/index.php?rest_route=%2Fwp%2Fv2%2Fmedia&parent=62"}],"curies":[{"name":"wp","href":"https:\/\/api.w.org\/{rel}","templated":true}]}}