{"id":64,"date":"2021-01-05T11:37:53","date_gmt":"2021-01-05T10:37:53","guid":{"rendered":"http:\/\/www.mahet.de\/mahet\/?page_id=64"},"modified":"2021-01-14T11:38:42","modified_gmt":"2021-01-14T10:38:42","slug":"kinderbuch","status":"publish","type":"page","link":"https:\/\/www.mahet.de\/?page_id=64","title":{"rendered":"Kinderbuch"},"content":{"rendered":"<div id=\"pl-64\"  class=\"panel-layout\" ><div id=\"pg-64-0\"  class=\"panel-grid panel-no-style\" ><div id=\"pgc-64-0-0\"  class=\"panel-grid-cell\" ><div id=\"panel-64-0-0-0\" class=\"so-panel widget widget_text panel-first-child panel-last-child\" data-index=\"0\" >\t\t\t<div class=\"textwidget\"><p>&#8230; man glaubt es kaum, aber ich kann auch anders. Doch ich bleibe der dunklen Seite doch ein bisschen treu. \ud83d\ude09<\/p>\n<\/div>\n\t\t<\/div><\/div><\/div><div id=\"pg-64-1\"  class=\"panel-grid panel-no-style\" ><div id=\"pgc-64-1-0\"  class=\"panel-grid-cell\" ><div id=\"panel-64-1-0-0\" class=\"so-panel widget widget_media_image panel-first-child panel-last-child\" data-index=\"1\" ><img loading=\"lazy\" decoding=\"async\" width=\"300\" height=\"300\" src=\"https:\/\/www.mahet.de\/mahet\/wp-content\/uploads\/2021\/01\/image-15-300x300.jpeg\" class=\"image wp-image-352  attachment-300x300 size-300x300\" alt=\"\" style=\"max-width: 100%; height: auto;\" srcset=\"https:\/\/www.mahet.de\/mahet\/wp-content\/uploads\/2021\/01\/image-15.jpeg 300w, https:\/\/www.mahet.de\/mahet\/wp-content\/uploads\/2021\/01\/image-15-150x150.jpeg 150w\" sizes=\"auto, (max-width: 300px) 100vw, 300px\" \/><\/div><\/div><div id=\"pgc-64-1-1\"  class=\"panel-grid-cell\" ><div id=\"panel-64-1-1-0\" class=\"so-panel widget widget_text panel-first-child panel-last-child\" data-index=\"2\" >\t\t\t<div class=\"textwidget\"><h2>PRIMA, MONSTER! oder Schafe z\u00e4hlen ist doof.<\/h2>\n<p><strong>Teasertext:<\/strong><br \/>\nSchlafenszeit und Mia ist kein bisschen m\u00fcde.<br \/>\n&#8222;Sollen wir Schafe z\u00e4hlen?&#8220;, schl\u00e4gt Papa vor.<br \/>\nDoch Mia wei\u00df was Besseres: Statt Schafe will sie Monster z\u00e4hlen. Aber wenn das nur so einfach w\u00e4re! Denn wie ein Schaf aussieht, wei\u00df jedes Kind. Aber ein Monster? Hat es scharfe Z\u00e4hne? Spitze Ohren? Und wo wohnt es \u00fcberhaupt?<br \/>\nZum Gl\u00fcck ist &#8222;Prima&#8220;, Papas Monster Nummer 1, nicht nur gro\u00df und stark, sondern auch furchtbar lieb &#8211; und es nimmt Mia mit auf eine abenteuerliche Reise ins Monsterland &#8230;<br \/>\nEine bezaubernde Gutenachtgeschichte f\u00fcr alle Kinder, die Monster lieben!<\/p>\n<\/div>\n\t\t<\/div><\/div><\/div><div id=\"pg-64-2\"  class=\"panel-grid panel-no-style\" ><div id=\"pgc-64-2-0\"  class=\"panel-grid-cell\" ><div id=\"panel-64-2-0-0\" class=\"so-panel widget widget_media_image panel-first-child panel-last-child\" data-index=\"3\" ><img loading=\"lazy\" decoding=\"async\" width=\"300\" height=\"300\" src=\"https:\/\/www.mahet.de\/mahet\/wp-content\/uploads\/2021\/01\/image-16-300x300.jpeg\" class=\"image wp-image-353  attachment-300x300 size-300x300\" alt=\"\" style=\"max-width: 100%; height: auto;\" srcset=\"https:\/\/www.mahet.de\/mahet\/wp-content\/uploads\/2021\/01\/image-16.jpeg 300w, https:\/\/www.mahet.de\/mahet\/wp-content\/uploads\/2021\/01\/image-16-150x150.jpeg 150w\" sizes=\"auto, (max-width: 300px) 100vw, 300px\" \/><\/div><\/div><div id=\"pgc-64-2-1\"  class=\"panel-grid-cell\" ><div id=\"panel-64-2-1-0\" class=\"so-panel widget widget_text panel-first-child panel-last-child\" data-index=\"4\" >\t\t\t<div class=\"textwidget\"><h2>DAS ANGSTMACHERCHEN (inzwischen vergriffen)<\/h2>\n<p><strong>Teasertext:<\/strong><br \/>\nOle ist ein mutiger Junge. Er traut sich den Fahrradlenker loszulassen, ins tiefe Schwimmbecken zu gehen und sogar in den finsteren Keller. Aber wenn ein Gewitter kommt, dann ist von Ole nichts zu sehen &#8211; dann versteckt er sich, weil er Angst hat. Und eines Nachts erf\u00e4hrt Ole auch, woher das kommt: er sieht das kleine Angstmacherchen, das f\u00fcr jedes Kind eine andere Angst in seiner Truhe mitbringt und diese verstreut. Doch Ole will seine Furcht besiegen und stellt sich, gemeinsam mit seinen Freunden, dem fiesen Angstmacherchen, um es zu verjagen.<br \/>\nEin Bilderbuch f\u00fcr Kinder ab 4 Jahren.<\/p>\n<\/div>\n\t\t<\/div><\/div><\/div><\/div>","protected":false},"excerpt":{"rendered":"<p>&#8230; man glaubt es kaum, aber ich kann auch anders. Doch ich bleibe der dunklen Seite doch ein bisschen treu. \ud83d\ude09 PRIMA, MONSTER! oder Schafe z\u00e4hlen ist doof. Teasertext: Schlafenszeit und Mia ist kein bisschen m\u00fcde. &#8222;Sollen wir Schafe z\u00e4hlen?&#8220;, schl\u00e4gt Papa vor. Doch Mia wei\u00df was Besseres: Statt Schafe<\/p>\n<div class=\"shariff shariff-align-left shariff-widget-align-left\"><ul class=\"shariff-buttons theme-round orientation-horizontal buttonsize-medium\"><li class=\"shariff-button facebook shariff-nocustomcolor\" style=\"background-color:#4273c8\"><a href=\"https:\/\/www.facebook.com\/sharer\/sharer.php?u=https%3A%2F%2Fwww.mahet.de%2F%3Fpage_id%3D64\" title=\"Bei Facebook teilen\" aria-label=\"Bei Facebook teilen\" role=\"button\" rel=\"nofollow\" class=\"shariff-link\" style=\"; background-color:#3b5998; color:#fff\" target=\"_blank\"><span class=\"shariff-icon\" style=\"\"><svg width=\"32px\" height=\"20px\" xmlns=\"http:\/\/www.w3.org\/2000\/svg\" viewBox=\"0 0 18 32\"><path fill=\"#3b5998\" d=\"M17.1 0.2v4.7h-2.8q-1.5 0-2.1 0.6t-0.5 1.9v3.4h5.2l-0.7 5.3h-4.5v13.6h-5.5v-13.6h-4.5v-5.3h4.5v-3.9q0-3.3 1.9-5.2t5-1.8q2.6 0 4.1 0.2z\"\/><\/svg><\/span><\/a><\/li><li class=\"shariff-button twitter shariff-nocustomcolor\" style=\"background-color:#595959\"><a href=\"https:\/\/twitter.com\/share?url=https%3A%2F%2Fwww.mahet.de%2F%3Fpage_id%3D64&text=Kinderbuch\" title=\"Bei X teilen\" aria-label=\"Bei X teilen\" role=\"button\" rel=\"noopener nofollow\" class=\"shariff-link\" style=\"; background-color:#000; color:#fff\" target=\"_blank\"><span class=\"shariff-icon\" style=\"\"><svg width=\"32px\" height=\"20px\" xmlns=\"http:\/\/www.w3.org\/2000\/svg\" viewBox=\"0 0 24 24\"><path fill=\"#000\" d=\"M14.258 10.152L23.176 0h-2.113l-7.747 8.813L7.133 0H0l9.352 13.328L0 23.973h2.113l8.176-9.309 6.531 9.309h7.133zm-2.895 3.293l-.949-1.328L2.875 1.56h3.246l6.086 8.523.945 1.328 7.91 11.078h-3.246zm0 0\"\/><\/svg><\/span><\/a><\/li><\/ul><\/div>","protected":false},"author":1,"featured_media":0,"parent":12,"menu_order":0,"comment_status":"closed","ping_status":"closed","template":"template-fullwidth.php","meta":{"footnotes":""},"class_list":["post-64","page","type-page","status-publish","hentry"],"_links":{"self":[{"href":"https:\/\/www.mahet.de\/index.php?rest_route=\/wp\/v2\/pages\/64","targetHints":{"allow":["GET"]}}],"collection":[{"href":"https:\/\/www.mahet.de\/index.php?rest_route=\/wp\/v2\/pages"}],"about":[{"href":"https:\/\/www.mahet.de\/index.php?rest_route=\/wp\/v2\/types\/page"}],"author":[{"embeddable":true,"href":"https:\/\/www.mahet.de\/index.php?rest_route=\/wp\/v2\/users\/1"}],"replies":[{"embeddable":true,"href":"https:\/\/www.mahet.de\/index.php?rest_route=%2Fwp%2Fv2%2Fcomments&post=64"}],"version-history":[{"count":3,"href":"https:\/\/www.mahet.de\/index.php?rest_route=\/wp\/v2\/pages\/64\/revisions"}],"predecessor-version":[{"id":703,"href":"https:\/\/www.mahet.de\/index.php?rest_route=\/wp\/v2\/pages\/64\/revisions\/703"}],"up":[{"embeddable":true,"href":"https:\/\/www.mahet.de\/index.php?rest_route=\/wp\/v2\/pages\/12"}],"wp:attachment":[{"href":"https:\/\/www.mahet.de\/index.php?rest_route=%2Fwp%2Fv2%2Fmedia&parent=64"}],"curies":[{"name":"wp","href":"https:\/\/api.w.org\/{rel}","templated":true}]}}