{"id":66,"date":"2021-01-05T11:37:53","date_gmt":"2021-01-05T10:37:53","guid":{"rendered":"http:\/\/www.mahet.de\/mahet\/?page_id=66"},"modified":"2021-01-14T14:46:25","modified_gmt":"2021-01-14T13:46:25","slug":"space-fiction","status":"publish","type":"page","link":"https:\/\/www.mahet.de\/?page_id=66","title":{"rendered":"Space Fiction"},"content":{"rendered":"<div id=\"pl-66\"  class=\"panel-layout\" ><div id=\"pg-66-0\"  class=\"panel-grid panel-no-style\" ><div id=\"pgc-66-0-0\"  class=\"panel-grid-cell\" ><div id=\"panel-66-0-0-0\" class=\"so-panel widget widget_text panel-first-child panel-last-child\" data-index=\"0\" >\t\t\t<div class=\"textwidget\"><h2>die JUSTIFIERS-Reihe<\/h2>\n<p>Das Rollenspielsystem Justifiers wurde 1988 in den USA entwickelt. Ich sicherte mir die Rechte und entwickelte gemeinsam mit anderen Autoren eine modernisierte Version.<\/p>\n<p>Heraus kam zum einen das neue Rollenspiel JUSTIFIERS (vergriffen) sowie die gleichnamige Roman-Serie (vergriffen), die in der COLLECTOR-Welt spielt.<\/p>\n<ul>\n<li>Christoph Hardebusch: Justifiers 1: Missing in Action<\/li>\n<li>Lena Falkenhagen: Justifiers 2: Undercover<\/li>\n<li>Thomas Finn: Justifiers 3: Mind Control<\/li>\n<li>Nicole Schuhmacher: Justifiers 4: Zero Gravity<\/li>\n<li>Boris Koch: Justifiers 5: Sabotage<\/li>\n<li>Daniela Knor: Justifiers 6: Outcast<\/li>\n<li>Thomas Plischke: Justifiers 7: Autopilot<\/li>\n<li>Maike Hallmann: Justifiers 8: Hard to kill<\/li>\n<li>Christian von Aster: Justifiers 9: Robolution<\/li>\n<li>Susan Schwartz: Justifiers 10: Unusual Suspects<\/li>\n<\/ul>\n<p><strong>Wieso SPACE FICTION?<\/strong><\/p>\n<p>Den Begriff pr\u00e4gte Literaturnobelpreistr\u00e4gerin Doris Lessing, und ich wollte das Wort \u201eScience\u201c umgehen&#8230; Ich w\u00e4hlte Physik und Chemie ab, und das aus gutem Grund. Aber kein Naturgesetz -weder auf dieser noch auf einer anderen Welt- wird mich daran hindern, zu den Sternen aufzubrechen.<\/p>\n<p>Mir geht es -wie allen Erz\u00e4hlerinnen und Erz\u00e4hlern- um faszinierende neue Welten, um sch\u00f6ne, spannende und abenteuerliche Geschichten. Ja, na gut, und gemein sollen sie auch sein.<\/p>\n<p>Sicherlich spielt die Raumfahrt eine Rolle, sicher gibt es neue Antriebsweisen, neue Technologien, neue V\u00f6lker, neue Planeten, neue Gesellschaftsformen und neue Schwierigkeiten, die entstehen, wenn man ins All fliegt.<\/p>\n<p>Aber die Technik und die Wissenschaft, die wirklich alles erkl\u00e4ren will, stehen bei mir nicht im Vordergrund. Sie sind eine Zutat f\u00fcr die Romane. Eine von so vielen&#8230; Aber es geht immer, IMMER um die Story!<\/p>\n<\/div>\n\t\t<\/div><\/div><\/div><div id=\"pg-66-1\"  class=\"panel-grid panel-no-style\" ><div id=\"pgc-66-1-0\"  class=\"panel-grid-cell\" ><div id=\"panel-66-1-0-0\" class=\"so-panel widget widget_text panel-first-child panel-last-child\" data-index=\"1\" >\t\t\t<div class=\"textwidget\"><h2>SPACE FICTION<\/h2>\n<h3>COLLECTOR<\/h3>\n<h3>COLLECTOR: OPERATION VADE RETRO<\/h3>\n<p>und die JUSTIFIERS-Reihe mit lieben Kolleginnen und Kollegen in der Romanwelt plus Comics.<\/p>\n<\/div>\n\t\t<\/div><\/div><\/div><div id=\"pg-66-2\"  class=\"panel-grid panel-no-style\" ><div id=\"pgc-66-2-0\"  class=\"panel-grid-cell\" ><div id=\"panel-66-2-0-0\" class=\"so-panel widget widget_media_image panel-first-child panel-last-child\" data-index=\"2\" ><img loading=\"lazy\" decoding=\"async\" width=\"300\" height=\"475\" src=\"https:\/\/www.mahet.de\/mahet\/wp-content\/uploads\/2021\/01\/Collector.jpg\" class=\"image wp-image-744  attachment-300x475 size-300x475\" alt=\"\" style=\"max-width: 100%; height: auto;\" srcset=\"https:\/\/www.mahet.de\/mahet\/wp-content\/uploads\/2021\/01\/Collector.jpg 350w, https:\/\/www.mahet.de\/mahet\/wp-content\/uploads\/2021\/01\/Collector-190x300.jpg 190w\" sizes=\"auto, (max-width: 300px) 100vw, 300px\" \/><\/div><\/div><div id=\"pgc-66-2-1\"  class=\"panel-grid-cell\" ><div id=\"panel-66-2-1-0\" class=\"so-panel widget widget_text panel-first-child panel-last-child\" data-index=\"3\" >\t\t\t<div class=\"textwidget\"><h2>COLLECTOR<\/h2>\n<p><strong>Teasertext:<\/strong><\/p>\n<p>\u201eWir schreiben das Jahr 3042. Die Menschheit ist ins Weltall aufgebrochen, doch nicht mit eigener Technik, sondern mit Hilfe von Objekten, die man bei Ausgrabungen auf der Erde gefunden hat: au\u00dferirdische Hinterlassenschaften, die zwar funktionieren, deren Funktionsweise die menschlichen Piloten jedoch nur in Ans\u00e4tzen verstehen. So verl\u00e4uft die Besiedelung anderer Planeten denkbar chaotisch. Doch dann treffen die Menschen auf eine au\u00dferirdische Spezies &#8211; die Collectors -, die anbietet, die menschliche Zivilisation unter ihre Fittiche zu nehmen und in die Gemeinschaft der galaktischen V\u00f6lker einzuf\u00fchren. Ein Angebot, das die Menschen nicht ablehnen k\u00f6nnen &#8211; mit katastrophalen Folgen.\u201c<\/p>\n<\/div>\n\t\t<\/div><\/div><\/div><div id=\"pg-66-3\"  class=\"panel-grid panel-no-style\" ><div id=\"pgc-66-3-0\"  class=\"panel-grid-cell\" ><div id=\"panel-66-3-0-0\" class=\"so-panel widget widget_media_image panel-first-child panel-last-child\" data-index=\"4\" ><img loading=\"lazy\" decoding=\"async\" width=\"300\" height=\"459\" src=\"https:\/\/www.mahet.de\/mahet\/wp-content\/uploads\/2021\/01\/Collector2-670x1024.png\" class=\"image wp-image-745  attachment-300x459 size-300x459\" alt=\"\" style=\"max-width: 100%; height: auto;\" srcset=\"https:\/\/www.mahet.de\/mahet\/wp-content\/uploads\/2021\/01\/Collector2-670x1024.png 670w, https:\/\/www.mahet.de\/mahet\/wp-content\/uploads\/2021\/01\/Collector2-196x300.png 196w, https:\/\/www.mahet.de\/mahet\/wp-content\/uploads\/2021\/01\/Collector2-768x1174.png 768w, https:\/\/www.mahet.de\/mahet\/wp-content\/uploads\/2021\/01\/Collector2-1005x1536.png 1005w, https:\/\/www.mahet.de\/mahet\/wp-content\/uploads\/2021\/01\/Collector2.png 1224w\" sizes=\"auto, (max-width: 300px) 100vw, 300px\" \/><\/div><\/div><div id=\"pgc-66-3-1\"  class=\"panel-grid-cell\" ><div id=\"panel-66-3-1-0\" class=\"so-panel widget widget_text panel-first-child panel-last-child\" data-index=\"5\" >\t\t\t<div class=\"textwidget\"><h2>COLLECTOR: OPERATION VADE RETRO<\/h2>\n<p><strong>Teasertext:<\/strong><\/p>\n<p>\u201eDie Zukunft \u2013 unsere Zukunft: Das Weltall ist erobert, die Galaxis erforscht, aber nun ist die Menschheit einem unheimlichen Feind zum Opfer gefallen: den Collectors. Au\u00dferirdische, die scheinbar durch nichts zu bezwingen sind und Planet um Planet in ihre Gewalt bringen.<\/p>\n<p>Doch es regt sich Widerstand, und ein gef\u00e4hrlicher Plan zur Befreiung wird geschmiedet.<\/p>\n<p>Drei Menschen \u2013 ein ehemaliger Gefangener der Collectors, ein draufg\u00e4ngerischer Priester der Church of Stars und eine S\u00f6ldnerin mit ungeahnten F\u00e4higkeiten \u2013 finden auf abenteuerlichen Wegen zu der L\u00f6sung, die zum Neubeginn der Galaxis f\u00fchren k\u00f6nnte: einer Geheimoperation namens \u00bbVade Retro\u00ab.\u201c<\/p>\n<\/div>\n\t\t<\/div><\/div><\/div><\/div>","protected":false},"excerpt":{"rendered":"<p>die JUSTIFIERS-Reihe Das Rollenspielsystem Justifiers wurde 1988 in den USA entwickelt. Ich sicherte mir die Rechte und entwickelte gemeinsam mit anderen Autoren eine modernisierte Version. Heraus kam zum einen das neue Rollenspiel JUSTIFIERS (vergriffen) sowie die gleichnamige Roman-Serie (vergriffen), die in der COLLECTOR-Welt spielt. Christoph Hardebusch: Justifiers 1: Missing in<\/p>\n<div class=\"shariff shariff-align-left shariff-widget-align-left\"><ul class=\"shariff-buttons theme-round orientation-horizontal buttonsize-medium\"><li class=\"shariff-button facebook shariff-nocustomcolor\" style=\"background-color:#4273c8\"><a href=\"https:\/\/www.facebook.com\/sharer\/sharer.php?u=https%3A%2F%2Fwww.mahet.de%2F%3Fpage_id%3D66\" title=\"Bei Facebook teilen\" aria-label=\"Bei Facebook teilen\" role=\"button\" rel=\"nofollow\" class=\"shariff-link\" style=\"; background-color:#3b5998; color:#fff\" target=\"_blank\"><span class=\"shariff-icon\" style=\"\"><svg width=\"32px\" height=\"20px\" xmlns=\"http:\/\/www.w3.org\/2000\/svg\" viewBox=\"0 0 18 32\"><path fill=\"#3b5998\" d=\"M17.1 0.2v4.7h-2.8q-1.5 0-2.1 0.6t-0.5 1.9v3.4h5.2l-0.7 5.3h-4.5v13.6h-5.5v-13.6h-4.5v-5.3h4.5v-3.9q0-3.3 1.9-5.2t5-1.8q2.6 0 4.1 0.2z\"\/><\/svg><\/span><\/a><\/li><li class=\"shariff-button twitter shariff-nocustomcolor\" style=\"background-color:#595959\"><a href=\"https:\/\/twitter.com\/share?url=https%3A%2F%2Fwww.mahet.de%2F%3Fpage_id%3D66&text=Space%20Fiction\" title=\"Bei X teilen\" aria-label=\"Bei X teilen\" role=\"button\" rel=\"noopener nofollow\" class=\"shariff-link\" style=\"; background-color:#000; color:#fff\" target=\"_blank\"><span class=\"shariff-icon\" style=\"\"><svg width=\"32px\" height=\"20px\" xmlns=\"http:\/\/www.w3.org\/2000\/svg\" viewBox=\"0 0 24 24\"><path fill=\"#000\" d=\"M14.258 10.152L23.176 0h-2.113l-7.747 8.813L7.133 0H0l9.352 13.328L0 23.973h2.113l8.176-9.309 6.531 9.309h7.133zm-2.895 3.293l-.949-1.328L2.875 1.56h3.246l6.086 8.523.945 1.328 7.91 11.078h-3.246zm0 0\"\/><\/svg><\/span><\/a><\/li><\/ul><\/div>","protected":false},"author":1,"featured_media":0,"parent":12,"menu_order":0,"comment_status":"closed","ping_status":"closed","template":"template-fullwidth.php","meta":{"footnotes":""},"class_list":["post-66","page","type-page","status-publish","hentry"],"_links":{"self":[{"href":"https:\/\/www.mahet.de\/index.php?rest_route=\/wp\/v2\/pages\/66","targetHints":{"allow":["GET"]}}],"collection":[{"href":"https:\/\/www.mahet.de\/index.php?rest_route=\/wp\/v2\/pages"}],"about":[{"href":"https:\/\/www.mahet.de\/index.php?rest_route=\/wp\/v2\/types\/page"}],"author":[{"embeddable":true,"href":"https:\/\/www.mahet.de\/index.php?rest_route=\/wp\/v2\/users\/1"}],"replies":[{"embeddable":true,"href":"https:\/\/www.mahet.de\/index.php?rest_route=%2Fwp%2Fv2%2Fcomments&post=66"}],"version-history":[{"count":3,"href":"https:\/\/www.mahet.de\/index.php?rest_route=\/wp\/v2\/pages\/66\/revisions"}],"predecessor-version":[{"id":794,"href":"https:\/\/www.mahet.de\/index.php?rest_route=\/wp\/v2\/pages\/66\/revisions\/794"}],"up":[{"embeddable":true,"href":"https:\/\/www.mahet.de\/index.php?rest_route=\/wp\/v2\/pages\/12"}],"wp:attachment":[{"href":"https:\/\/www.mahet.de\/index.php?rest_route=%2Fwp%2Fv2%2Fmedia&parent=66"}],"curies":[{"name":"wp","href":"https:\/\/api.w.org\/{rel}","templated":true}]}}