{"id":67,"date":"2021-01-05T11:37:53","date_gmt":"2021-01-05T10:37:53","guid":{"rendered":"http:\/\/www.mahet.de\/mahet\/?page_id=67"},"modified":"2025-07-15T11:37:19","modified_gmt":"2025-07-15T09:37:19","slug":"die-albae","status":"publish","type":"page","link":"https:\/\/www.mahet.de\/?page_id=67","title":{"rendered":"Die Legenden der Albae &#8211; Reihe"},"content":{"rendered":"<div id=\"pl-67\"  class=\"panel-layout\" ><div id=\"pg-67-0\"  class=\"panel-grid panel-no-style\" ><div id=\"pgc-67-0-0\"  class=\"panel-grid-cell\" ><div id=\"panel-67-0-0-0\" class=\"so-panel widget widget_sow-editor panel-first-child panel-last-child\" data-index=\"0\" ><div\n\t\t\t\n\t\t\tclass=\"so-widget-sow-editor so-widget-sow-editor-base\"\n\t\t\t\n\t\t>\n<div class=\"siteorigin-widget-tinymce textwidget\">\n\t<h2>Die Legenden der Albae - Reihe<\/h2>\n<p>Eine kleine, aber feine Serie \u00fcber die etwas anderen B\u00f6sewichte. Es geht um ihre Kultur, ihre Denkweise, ihren Wandel im Laufe der Zeit.<\/p>\n<p>Und nat\u00fcrlich werden Geschehnisse aus der ZWERGE-Reihe aus der Sicht der Albae beleuchtet.<\/p>\n<p>Band 1 <strong>GERECHTER ZORN<\/strong> und Band 2 <strong>VERNICHTENDER HASS<\/strong> haben Sinthoras und Caphalor als Helden. Die Romane spielen vor der Zwerge-Reihe.<\/p>\n<p>Band 3 <strong>DUNKLE PFADE<\/strong> ist zeitlich zwischen Zwerge 3 und 4 angesiedelt.<\/p>\n<p>Band 4 <strong>TOBENDER STURM<\/strong> spielt zeitlich nach Zwerge 4.<\/p>\n<p>Band 4 <strong>VERGESSENE SCHRIFTEN<\/strong> ist eine Kurzgeschichtensammlung, die Nebenfiguren und -handlungen beleuchtet, die Zeiten variieren dabei.<\/p>\n<p><img loading=\"lazy\" decoding=\"async\" class=\"alignnone size-large wp-image-741\" src=\"http:\/\/www.mahet.de\/mahet\/wp-content\/uploads\/2021\/01\/albae-1024x859.png\" alt=\"\" width=\"900\" height=\"755\" srcset=\"https:\/\/www.mahet.de\/mahet\/wp-content\/uploads\/2021\/01\/albae-1024x859.png 1024w, https:\/\/www.mahet.de\/mahet\/wp-content\/uploads\/2021\/01\/albae-300x252.png 300w, https:\/\/www.mahet.de\/mahet\/wp-content\/uploads\/2021\/01\/albae-768x644.png 768w, https:\/\/www.mahet.de\/mahet\/wp-content\/uploads\/2021\/01\/albae.png 1500w\" sizes=\"auto, (max-width: 900px) 100vw, 900px\" \/><\/p>\n<\/div>\n<\/div><\/div><\/div><\/div><div id=\"pg-67-1\"  class=\"panel-grid panel-no-style\" ><div id=\"pgc-67-1-0\"  class=\"panel-grid-cell\" ><div id=\"panel-67-1-0-0\" class=\"so-panel widget widget_media_image panel-first-child panel-last-child\" data-index=\"1\" ><img loading=\"lazy\" decoding=\"async\" width=\"300\" height=\"467\" src=\"https:\/\/www.mahet.de\/mahet\/wp-content\/uploads\/2021\/01\/gerechterZorn-657x1024.jpg\" class=\"image wp-image-751  attachment-300x467 size-300x467\" alt=\"\" style=\"max-width: 100%; height: auto;\" srcset=\"https:\/\/www.mahet.de\/mahet\/wp-content\/uploads\/2021\/01\/gerechterZorn-657x1024.jpg 657w, https:\/\/www.mahet.de\/mahet\/wp-content\/uploads\/2021\/01\/gerechterZorn-193x300.jpg 193w, https:\/\/www.mahet.de\/mahet\/wp-content\/uploads\/2021\/01\/gerechterZorn-768x1196.jpg 768w, https:\/\/www.mahet.de\/mahet\/wp-content\/uploads\/2021\/01\/gerechterZorn-986x1536.jpg 986w, https:\/\/www.mahet.de\/mahet\/wp-content\/uploads\/2021\/01\/gerechterZorn.jpg 1027w\" sizes=\"auto, (max-width: 300px) 100vw, 300px\" \/><\/div><\/div><div id=\"pgc-67-1-1\"  class=\"panel-grid-cell\" ><div id=\"panel-67-1-1-0\" class=\"so-panel widget widget_text panel-first-child panel-last-child\" data-index=\"2\" >\t\t\t<div class=\"textwidget\"><h2>GERECHTER ZORN (Band 1)<\/h2>\n<p><strong>Teasertext:<\/strong><\/p>\n<p>\u201eDs\u00f4n Fa\u00efmon, das Reich der Albae plant einen Feldzug gegen alte Feinde. Die Albae Caphalor und Sinthoras sollen einen m\u00e4chtigen D\u00e4mon auf ihre Seite ziehen, um die Schlagkraft des Heers noch zu verst\u00e4rken.<\/p>\n<p>Doch die beiden Krieger k\u00f6nnten unterschiedlicher nicht sein: W\u00e4hrend Caphalor lediglich die Grenzen des Reichs verteidigen m\u00f6chte, giert der ehrgeizige Sinthoras nach mehr.<\/p>\n<p>Er ist darauf aus, das gesamte Geborgene Land endg\u00fcltig zu unterwerfen.\u201c<\/p>\n<\/div>\n\t\t<\/div><\/div><\/div><div id=\"pg-67-2\"  class=\"panel-grid panel-no-style\" ><div id=\"pgc-67-2-0\"  class=\"panel-grid-cell\" ><div id=\"panel-67-2-0-0\" class=\"so-panel widget widget_media_image panel-first-child panel-last-child\" data-index=\"3\" ><img loading=\"lazy\" decoding=\"async\" width=\"300\" height=\"467\" src=\"https:\/\/www.mahet.de\/mahet\/wp-content\/uploads\/2021\/01\/vernichtenderHass-657x1024.jpg\" class=\"image wp-image-767  attachment-300x467 size-300x467\" alt=\"\" style=\"max-width: 100%; height: auto;\" srcset=\"https:\/\/www.mahet.de\/mahet\/wp-content\/uploads\/2021\/01\/vernichtenderHass-657x1024.jpg 657w, https:\/\/www.mahet.de\/mahet\/wp-content\/uploads\/2021\/01\/vernichtenderHass-193x300.jpg 193w, https:\/\/www.mahet.de\/mahet\/wp-content\/uploads\/2021\/01\/vernichtenderHass-768x1197.jpg 768w, https:\/\/www.mahet.de\/mahet\/wp-content\/uploads\/2021\/01\/vernichtenderHass-986x1536.jpg 986w, https:\/\/www.mahet.de\/mahet\/wp-content\/uploads\/2021\/01\/vernichtenderHass-1314x2048.jpg 1314w, https:\/\/www.mahet.de\/mahet\/wp-content\/uploads\/2021\/01\/vernichtenderHass-scaled.jpg 1643w\" sizes=\"auto, (max-width: 300px) 100vw, 300px\" \/><\/div><\/div><div id=\"pgc-67-2-1\"  class=\"panel-grid-cell\" ><div id=\"panel-67-2-1-0\" class=\"so-panel widget widget_text panel-first-child panel-last-child\" data-index=\"4\" >\t\t\t<div class=\"textwidget\"><h2>VERNICHTENDER HASS (Band 2)<\/h2>\n<p><strong>Teasertext:<\/strong><\/p>\n<div>\n<p>\u201eDie Albae Sinthoras und Caphalor sehen sich beinahe am Ziel ihrer dunklen Pl\u00e4ne: Das Geborgene Land, die Heimat der Zwerge, wird von der Armee aus Trollen, Barbaren und Albae erobert. Die L\u00e4nder der verhassten Elben sind zum Greifen nahe.<\/p>\n<p>Aber bald schon schwindet der Halt unter den Verb\u00fcndeten, und die Gier siegt \u00fcber den Gehorsam.<\/p>\n<p>Dazu droht Sinthoras und Caphalor neues Unheil. Denn es erscheint ein unerwarteter, bezwungen geglaubter Feind vor dem Reich der Albae \u2013 w\u00e4hrend die besten Krieger im Geborgenen Land k\u00e4mpfen und die Heimat der Albae dem Gegner nahezu schutzlos ausgeliefert ist.\u201c<\/p>\n<\/div>\n<\/div>\n\t\t<\/div><\/div><\/div><div id=\"pg-67-3\"  class=\"panel-grid panel-no-style\" ><div id=\"pgc-67-3-0\"  class=\"panel-grid-cell\" ><div id=\"panel-67-3-0-0\" class=\"so-panel widget widget_media_image panel-first-child panel-last-child\" data-index=\"5\" ><img loading=\"lazy\" decoding=\"async\" width=\"300\" height=\"467\" src=\"https:\/\/www.mahet.de\/mahet\/wp-content\/uploads\/2021\/01\/DunklePfade-657x1024.jpg\" class=\"image wp-image-749  attachment-300x467 size-300x467\" alt=\"\" style=\"max-width: 100%; height: auto;\" srcset=\"https:\/\/www.mahet.de\/mahet\/wp-content\/uploads\/2021\/01\/DunklePfade-657x1024.jpg 657w, https:\/\/www.mahet.de\/mahet\/wp-content\/uploads\/2021\/01\/DunklePfade-193x300.jpg 193w, https:\/\/www.mahet.de\/mahet\/wp-content\/uploads\/2021\/01\/DunklePfade-768x1196.jpg 768w, https:\/\/www.mahet.de\/mahet\/wp-content\/uploads\/2021\/01\/DunklePfade-986x1536.jpg 986w, https:\/\/www.mahet.de\/mahet\/wp-content\/uploads\/2021\/01\/DunklePfade.jpg 1027w\" sizes=\"auto, (max-width: 300px) 100vw, 300px\" \/><\/div><\/div><div id=\"pgc-67-3-1\"  class=\"panel-grid-cell\" ><div id=\"panel-67-3-1-0\" class=\"so-panel widget widget_text panel-first-child panel-last-child\" data-index=\"6\" >\t\t\t<div class=\"textwidget\"><h2>Dunkle Pfade (Band 3)<\/h2>\n<p><strong>Teasertext:<\/strong><\/p>\n<div>\n<p>\u201eAu\u00dferhalb des Geborgenen Landes liegt ein vergessenes Reich. Hierher haben sich die \u00dcberlebenden der mysteri\u00f6sen Seuche unter der F\u00fchrung von Caphalors Freund A\u00efsolon zur\u00fcckgezogen.<\/p>\n<p>Abgeschnitten durch einen dreihundert Schritt hohen Schutzwall, warten sie darauf, zu ihrem Volk ins Geborgene Land gerufen zu werden.<\/p>\n<p>Derweil werden die Drillinge Sisaroth, Tir\u00eegon und Fir\u00fbsha des Mordes bezichtigt und an einen unterirdischen Ort voller Schrecken verbannt.<\/p>\n<p>Dort trifft Sisaroth auf einen Zwerg: Tungdil, der in der Schwarzen Schlucht eingeschlossen wurde! Diese Begegnung ver\u00e4ndert das Schicksal der Albae und der Zwerge f\u00fcr immer.\u201c<\/p>\n<\/div>\n<\/div>\n\t\t<\/div><\/div><\/div><div id=\"pg-67-4\"  class=\"panel-grid panel-no-style\" ><div id=\"pgc-67-4-0\"  class=\"panel-grid-cell\" ><div id=\"panel-67-4-0-0\" class=\"so-panel widget widget_media_image panel-first-child panel-last-child\" data-index=\"7\" ><img loading=\"lazy\" decoding=\"async\" width=\"300\" height=\"467\" src=\"https:\/\/www.mahet.de\/mahet\/wp-content\/uploads\/2021\/01\/tobenderSturm-657x1024.jpg\" class=\"image wp-image-763  attachment-300x467 size-300x467\" alt=\"\" style=\"max-width: 100%; height: auto;\" srcset=\"https:\/\/www.mahet.de\/mahet\/wp-content\/uploads\/2021\/01\/tobenderSturm-657x1024.jpg 657w, https:\/\/www.mahet.de\/mahet\/wp-content\/uploads\/2021\/01\/tobenderSturm-193x300.jpg 193w, https:\/\/www.mahet.de\/mahet\/wp-content\/uploads\/2021\/01\/tobenderSturm-768x1196.jpg 768w, https:\/\/www.mahet.de\/mahet\/wp-content\/uploads\/2021\/01\/tobenderSturm-986x1536.jpg 986w, https:\/\/www.mahet.de\/mahet\/wp-content\/uploads\/2021\/01\/tobenderSturm.jpg 1027w\" sizes=\"auto, (max-width: 300px) 100vw, 300px\" \/><\/div><\/div><div id=\"pgc-67-4-1\"  class=\"panel-grid-cell\" ><div id=\"panel-67-4-1-0\" class=\"so-panel widget widget_text panel-first-child panel-last-child\" data-index=\"8\" >\t\t\t<div class=\"textwidget\"><h2>TOBENDER STURM (Band 4)<\/h2>\n<p><strong>Teasertext:<\/strong><\/p>\n<div>\n<p>\u201eDas Geborgene Land ist frei, doch verwundbar. In der schrecklichen Schlacht wurden von den Helden viele Opfer gebracht, um die Heimat der Zwerge, Elben und Menschen vor dem B\u00f6sen zu bewahren: Lot-Ionan und die Albae sind besiegt.<\/p>\n<p>Aiphat\u00f2n, der Sohn der Unausl\u00f6schlichen und einstiger Kaiser der Albae, macht sich auf die Suche, die Letzten seines Volkes in ihren Verstecken im Geborgenen Land aufzusp\u00fcren und zu vernichten. Er schwor, dass von den Albae niemals mehr eine Gefahr ausgehen darf.<\/p>\n<p>Bei seiner Wanderung \u00fcber die Grenzen des Landes hinaus, macht er wichtige Entdeckungen: Es gibt noch Albae, und sie leben in zwei m\u00e4chtigen St\u00e4dten. Auf diesen Ansturm w\u00e4re das Geborgene Land niemals vorbereitet!<\/p>\n<p>Doch noch andere Dinge tun sich in Tungdils Heimat, die sich sein alter Freund Ingrimmsch nicht erkl\u00e4ren kann.\u201c<\/p>\n<\/div>\n<\/div>\n\t\t<\/div><\/div><\/div><div id=\"pg-67-5\"  class=\"panel-grid panel-no-style\" ><div id=\"pgc-67-5-0\"  class=\"panel-grid-cell\" ><div id=\"panel-67-5-0-0\" class=\"so-panel widget widget_media_image panel-first-child panel-last-child\" data-index=\"9\" ><img loading=\"lazy\" decoding=\"async\" width=\"300\" height=\"467\" src=\"https:\/\/www.mahet.de\/mahet\/wp-content\/uploads\/2021\/01\/vergesseneSchriften-657x1024.jpg\" class=\"image wp-image-766  attachment-300x467 size-300x467\" alt=\"\" style=\"max-width: 100%; height: auto;\" srcset=\"https:\/\/www.mahet.de\/mahet\/wp-content\/uploads\/2021\/01\/vergesseneSchriften-657x1024.jpg 657w, https:\/\/www.mahet.de\/mahet\/wp-content\/uploads\/2021\/01\/vergesseneSchriften-193x300.jpg 193w, https:\/\/www.mahet.de\/mahet\/wp-content\/uploads\/2021\/01\/vergesseneSchriften-768x1196.jpg 768w, https:\/\/www.mahet.de\/mahet\/wp-content\/uploads\/2021\/01\/vergesseneSchriften-986x1536.jpg 986w, https:\/\/www.mahet.de\/mahet\/wp-content\/uploads\/2021\/01\/vergesseneSchriften.jpg 1027w\" sizes=\"auto, (max-width: 300px) 100vw, 300px\" \/><\/div><\/div><div id=\"pgc-67-5-1\"  class=\"panel-grid-cell\" ><div id=\"panel-67-5-1-0\" class=\"so-panel widget widget_text panel-first-child panel-last-child\" data-index=\"10\" >\t\t\t<div class=\"textwidget\"><h2>DIE VERGESSENEN SCHRIFTEN (Band 5)<\/h2>\n<p><strong>Teasertext:<\/strong><\/p>\n<div>\n<p>\u201eDiese Erz\u00e4hlungen k\u00fcnden von den Eroberungen der Dor\u00f3n Ashont, Horg\u00e0tas Kampf gegen die Elbinnen, den Zeitaltern der Niederlagen und Siege.<\/p>\n<p>Es werden Geheimnisse gel\u00fcftet, Schicksale gekl\u00e4rt und von legend\u00e4ren, vergessenen Taten der dunklen Gesch\u00f6pfe berichtet.\u201c<\/p>\n<\/div>\n<\/div>\n\t\t<\/div><\/div><\/div><\/div>","protected":false},"excerpt":{"rendered":"<p>Die Legenden der Albae &#8211; Reihe Eine kleine, aber feine Serie \u00fcber die etwas anderen B\u00f6sewichte. Es geht um ihre Kultur, ihre Denkweise, ihren Wandel im Laufe der Zeit. Und nat\u00fcrlich werden Geschehnisse aus der ZWERGE-Reihe aus der Sicht der Albae beleuchtet. Band 1 GERECHTER ZORN und Band 2 VERNICHTENDER<\/p>\n<div class=\"shariff shariff-align-flex-start shariff-widget-align-flex-start\"><ul class=\"shariff-buttons theme-round orientation-horizontal buttonsize-medium\"><li class=\"shariff-button facebook shariff-nocustomcolor\" style=\"background-color:#4273c8\"><a href=\"https:\/\/www.facebook.com\/sharer\/sharer.php?u=https%3A%2F%2Fwww.mahet.de%2F%3Fpage_id%3D67\" title=\"Bei Facebook teilen\" aria-label=\"Bei Facebook teilen\" role=\"button\" rel=\"nofollow\" class=\"shariff-link\" style=\"; background-color:#3b5998; color:#fff\" target=\"_blank\"><span class=\"shariff-icon\" style=\"\"><svg width=\"32px\" height=\"20px\" xmlns=\"http:\/\/www.w3.org\/2000\/svg\" viewBox=\"0 0 18 32\"><path fill=\"#3b5998\" d=\"M17.1 0.2v4.7h-2.8q-1.5 0-2.1 0.6t-0.5 1.9v3.4h5.2l-0.7 5.3h-4.5v13.6h-5.5v-13.6h-4.5v-5.3h4.5v-3.9q0-3.3 1.9-5.2t5-1.8q2.6 0 4.1 0.2z\"\/><\/svg><\/span><\/a><\/li><li class=\"shariff-button twitter shariff-nocustomcolor\" style=\"background-color:#595959\"><a href=\"https:\/\/twitter.com\/share?url=https%3A%2F%2Fwww.mahet.de%2F%3Fpage_id%3D67&text=Die%20Legenden%20der%20Albae%20%E2%80%93%20Reihe\" title=\"Bei X teilen\" aria-label=\"Bei X teilen\" role=\"button\" rel=\"noopener nofollow\" class=\"shariff-link\" style=\"; background-color:#000; color:#fff\" target=\"_blank\"><span class=\"shariff-icon\" style=\"\"><svg width=\"32px\" height=\"20px\" xmlns=\"http:\/\/www.w3.org\/2000\/svg\" viewBox=\"0 0 24 24\"><path fill=\"#000\" d=\"M14.258 10.152L23.176 0h-2.113l-7.747 8.813L7.133 0H0l9.352 13.328L0 23.973h2.113l8.176-9.309 6.531 9.309h7.133zm-2.895 3.293l-.949-1.328L2.875 1.56h3.246l6.086 8.523.945 1.328 7.91 11.078h-3.246zm0 0\"\/><\/svg><\/span><\/a><\/li><\/ul><\/div>","protected":false},"author":1,"featured_media":0,"parent":12,"menu_order":0,"comment_status":"closed","ping_status":"closed","template":"template-fullwidth.php","meta":{"footnotes":""},"class_list":["post-67","page","type-page","status-publish","hentry"],"_links":{"self":[{"href":"https:\/\/www.mahet.de\/index.php?rest_route=\/wp\/v2\/pages\/67","targetHints":{"allow":["GET"]}}],"collection":[{"href":"https:\/\/www.mahet.de\/index.php?rest_route=\/wp\/v2\/pages"}],"about":[{"href":"https:\/\/www.mahet.de\/index.php?rest_route=\/wp\/v2\/types\/page"}],"author":[{"embeddable":true,"href":"https:\/\/www.mahet.de\/index.php?rest_route=\/wp\/v2\/users\/1"}],"replies":[{"embeddable":true,"href":"https:\/\/www.mahet.de\/index.php?rest_route=%2Fwp%2Fv2%2Fcomments&post=67"}],"version-history":[{"count":3,"href":"https:\/\/www.mahet.de\/index.php?rest_route=\/wp\/v2\/pages\/67\/revisions"}],"predecessor-version":[{"id":1506,"href":"https:\/\/www.mahet.de\/index.php?rest_route=\/wp\/v2\/pages\/67\/revisions\/1506"}],"up":[{"embeddable":true,"href":"https:\/\/www.mahet.de\/index.php?rest_route=\/wp\/v2\/pages\/12"}],"wp:attachment":[{"href":"https:\/\/www.mahet.de\/index.php?rest_route=%2Fwp%2Fv2%2Fmedia&parent=67"}],"curies":[{"name":"wp","href":"https:\/\/api.w.org\/{rel}","templated":true}]}}