{"id":74,"date":"2021-01-05T11:37:53","date_gmt":"2021-01-05T10:37:53","guid":{"rendered":"http:\/\/www.mahet.de\/mahet\/?page_id=74"},"modified":"2021-01-14T15:14:56","modified_gmt":"2021-01-14T14:14:56","slug":"schreib-tipps","status":"publish","type":"page","link":"https:\/\/www.mahet.de\/?page_id=74","title":{"rendered":"Schreib-Tipps"},"content":{"rendered":"<h3>Fragen zum Schreiben ?<\/h3>\n<p>Ich bin in der Vergangenheit schon mehrmals nach Tipps gefragt worden, WIE man einen Roman o.\u00e4. herangeht.<\/p>\n<p>So pauschal kann ich es nicht beantworten, aber ich beschreibe mal, wie ich es mache.<\/p>\n<p>Au\u00dferdem finden sich im Internet gute Ratschl\u00e4ge oder Inspirationen, wie man zu seinem eigenen Schreibweg findet.<\/p>\n<p>Und nur allein darum geht es: den eigenen Schreibweg.<\/p>\n<p>Es soll Kolleginnen und Kollegen geben, die einfach drauf los schreiben und sich \u00fcberraschen lassen, was entsteht.<\/p>\n<p>MIR ist das ein bisschen zu gewagt, aber bitte\u2026 Wem es gef\u00e4llt, der macht es eben so.<\/p>\n<h4>Die Idee<\/h4>\n<p>Sie kann Dich \u00fcberall \u00fcberfallen. Sie ist das Wichtigste, die Basis f\u00fcr eine Story.<\/p>\n<p>Schreib sie auf, egal worauf, aber von Bedeutung ist, DASS Du sie aufschreibst. Ein kleines Notizbuch, ein Zettel, ein Handy, ein Bierdeckel, die R\u00fcckseite einer Rechnung, nur sichere sie Dir.<\/p>\n<p>Hast Du mehr als eine Idee f\u00fcr oder zu einer Story: umso besser!<\/p>\n<p>Aufschreiben und alles, was Dir dazu einf\u00e4llt, aufschreiben, aufschreiben, aufschreiben, und auch gerne v\u00f6llig ungeordnet.<\/p>\n<h4>Die Ordnung<\/h4>\n<p>Nachdem dem Du die Ideen hast, schaue Dir alles an, ordne sie nach Deiner Priorit\u00e4t; \u00fcberlege, wie sie in ihrer Reihenfolge passen k\u00f6nnten und gliedere sie.<\/p>\n<p>Verbinde Punkte, die vom Sinn her zusammengeh\u00f6ren aber an unterschiedlichen Stellen stehen, mit feinen Linien.<\/p>\n<p>Damit hast Du schon mal ein grobes Ger\u00fcst.<\/p>\n<h4>Der Hintergrund<\/h4>\n<p>Ab an den Feinausbau.<\/p>\n<p>In welcher Reihenfolge Du vorgehst, liegt an Dir.<\/p>\n<p>Es ist notwendig, die Charaktere, die Du ersonnen hast, festzuschreiben, mit allen ihren Eigenheiten. Das reicht vom \u00c4u\u00dferen bis zur Frage nach Vorlieben, ihren \u00c4ngsten etc. Mache alle Personen in Deiner Story zu lebendigen Wesen mit einer Vergangenheit.<\/p>\n<p>Auch das solltest Du aufschreiben, Karteikarten eignen sich ganz gut daf\u00fcr.<\/p>\n<p>Manche denken sich nach der Idee erst das Land aus, danach die Personen, andere bevorzugen die umgekehrte Version.<\/p>\n<p>Nun kommt die Umgebung an die Reihe, wobei die im Vorteil sind, die Romane in der jetzigen Welt schreiben wollen. :o)<\/p>\n<p>Generell gilt: Wie sieht es aus? Und wie riecht es? Was h\u00f6rt man?<\/p>\n<p>Geht die Story mehr in die Phantastik, kann man sich noch mehr Gedanken machen: Welche Ausdr\u00fccke benutzen die Menschen, die dort leben, f\u00fcr was?<\/p>\n<p>Beginne mit einem kleinen Fokus, meinetwegen der Stadt\/dem Dorf\/der Siedlung, in dem alles beginnt, und ziehe die Linse immer weiter auf. Kreiere die Umgebung, das Land, die Nachbarl\u00e4nder, den Kontinent, die Nachbarkontinente. Bedenke die Herrschaftsformen.<\/p>\n<p>Welche G\u00f6tter gibt es? Wie sind sie entstanden? Wie ist ihre Beziehung untereinander und wie verhalten sich die Gl\u00e4ubigen jeweils zueinander? Wie verhalten sich die L\u00e4nder untereinander? Wenn es Rivalit\u00e4ten gibt, woher stammen sie?<\/p>\n<p>Zeichne Karten von der &#8222;Welt&#8220;, damit Du den \u00dcberblick beh\u00e4ltst. Wenn Du die Welt VOR dem Schreiben des Romans erschaffen hast, sparst Du Dir das Nachdenken beim Schreiben, wie es wohl gerade dort aussieht. Das hei\u00dft aber nicht, dass Du beim Schreiben nicht improvisieren darfst und sollst.<\/p>\n<h4>Der Plot<\/h4>\n<p>Du hast die Ideen, Du hast die Charaktere, Du hast das Land.<\/p>\n<p>Nun geht es darum, daraus einen Plot, einen Handlungsablauf, einen Fahrplan zu gestalten. Damit wei\u00dft Du, wo sich welche Person herumtreibt, was sie tut, was als n\u00e4chstes kommt.<\/p>\n<p>Der Plot ist dein Freund. Er hilft Dir, den \u00dcberblick zu behalten und nichts aus den Augen zu verlieren.<\/p>\n<p>Meine Plots sind meistens 4-7 DinA4-Seiten lang, stichwortartig.<\/p>\n<p><strong>Bei Shadowrun sah das so aus (Auszug):<\/strong><\/p>\n<ol>\n<li>Poolitzer (der Held) m\u00f6chte eine Reportage \u00fcber die unterirdisch lebenden Elfen von Pomorya drehen und reist ohne Dreherlaubnis und mit falschem SIN in den Elfenstaat ein. Findet heraus, wo die Elfen leben, wird aber geschnappt und aus dem F\u00fcrstentum geworfen&#8230;<span style=\"font-size: 1.0625rem;\">-Im Vorfeld der Wahl zum Landtag im Nddt. Bund: DNP gibt Kundgebung und hat reichlich Zulauf. Poolitzer ist dort und berichtet dar\u00fcber<\/span><\/li>\n<\/ol>\n<ol start=\"2\">\n<li>Poolitzer macht eine Reportage \u00fcber ein Forschungsschiff, das in Hamburg liegt und sich mit einem Mini-U-Boot im Auftrag der Stadt einige Flussdeltas anschauen soll und Wasserproben zu nehmen hat.<span style=\"font-size: 1.0625rem;\">-Poolitzer hofft auf einen Skandal und irgendwelchen Lecks in Gifttanks und ist begeistert! An einer Stelle melden die Sensoren sogar etwas!<\/span>\n<p><span style=\"font-size: 1.0625rem;\">Da wird das Schiff pl\u00f6tzlich angegriffen und aufgebracht! Eine Piratengruppe (&#8222;Die Klabauterm\u00e4nner&#8220;, aber nicht die echten!) taucht auf, setzt die Besatzung im Schlauchboot aus und nimmt das Schiff mit, dessen Ausr\u00fcstung mehrere Millionen Nuyen wert ist.<\/span><\/p>\n<p><span style=\"font-size: 1.0625rem;\">&#8211; Poolitzer wittert einen Kon hinter der Sache, der die Ergebnisse vertuschen wollte! Hat sich gl\u00fccklicherweise einen Ausdruck\/ Chip vorher gestohlen, den er analysieren l\u00e4sst. Das Ergebnis wird allerdings keinen Angriff auf das Schiff rechtfertigen.<\/span><\/li>\n<\/ol>\n<ol start=\"3\">\n<li>Ein Atomm\u00fclltransportschiff wird attackiert und dabei versenkt (Gr\u00fcne Zellen). Einige Container, das ergibt die Auswertung der Bergungsaktion, fehlen allerdings&#8230; Die NoSe RG ist vor Ort und wundert sich dar\u00fcber.<\/li>\n<li>Ein russischer Meeresarch\u00e4ologe wird kurz vor dem Beginn des &#8222;Ostsee-Symposiums&#8220; auf offener Stra\u00dfe beraubt und ermordet.<\/li>\n<li>Eine Luxusyacht und ein Segler werden gestohlen.<br \/>\n&#8211;\u00a0<span style=\"font-size: 1.0625rem;\">Finden von zehn Leichen: Wie die Ermittlungen anhand der Leichen zeigen, geh\u00f6rten sieben davon zu den Roten Korsaren. Zuvor waren vier M\u00e4nner im Verdacht gewesen, drei milit\u00e4rische Powerboote aus der Bremer Vulkan Werft gestohlen zu haben<br \/>\n&#8211;\u00a0<\/span><span style=\"font-size: 1.0625rem;\">Dieses Mal gibt es keine \u00dcberlebenden&#8230; bis auf ein Crew-Mitglied der Luxusyacht! Der Mann hat einen Dialog der Entf\u00fchrer mitbekommen und will sich mit Poolitzer treffen, wird aber von einem Geist erledigt.<br \/>\n&#8211;\u00a0<span style=\"font-size: 1.0625rem;\">Poolitzer wittert eine Story, kann aber alles noch nicht richtig einordnen. Er macht einen Bericht \u00fcber die Piraten und stellt fest, dass die Piraten selbst bestohlen wurden! Die Powerboote geh\u00f6rten Piraten (Die echten &#8222;Roten Korsaren&#8220;) Und die sind sauer auf die &#8222;Klabauterm\u00e4nner&#8220;, weil sie im falschen &#8222;Revier&#8220; unterwegs sind. Kooperation mit Poolitzer<br \/>\n<\/span><\/span><span style=\"font-size: 1.0625rem;\">&#8211; Er sucht nach einem Muster: Schiffe wurden keine zum Verkauf angeboten. \u00dcberhaupt regt sich nichts auf dem Schwarzmarkt&#8230; Poolitzer wird noch misstrauischer.<\/span><\/li>\n<\/ol>\n<p>\u2026. etc. etc. etc.<\/p>\n<p>Es entsteht also ein Plot, er ist das Skelett eines Romans, und das Fleisch sind die Worte, S\u00e4tze, Kapitel, die aus dem Plot entstehen.<\/p>\n<p>Schreiben ist ein kreativer Prozess. Es werden Dir Sachen beim Schreiben auffallen, es kommen Dir neue Ideen, Du \u00e4nderst die Storyline.<\/p>\n<p>Gut so!<\/p>\n<p>Improvisation geh\u00f6rt dazu, aber verliere das Ziel nicht aus den Augen. Es sei denn, Du hast ein neues Ziel. Dann vergiss aber nicht, die Routen Deiner Charaktere entsprechend zu \u00e4ndern.<\/p>\n<h4>Das Schreiben<\/h4>\n<p>Ich habe mich f\u00fcr eine einfache, klare Sprache entschieden, auch im Fantasy-Bereich.<\/p>\n<p>K\u00fcrzere S\u00e4tze finde ich besser. Schafft keine Satzmonster \u00fcber zehn Zeilen, bei denen man sich am Ende fragt, was denn nun geschehen ist, wo jetzt noch mal der Hauptsatz geblieben ist und wie viele Nebens\u00e4tze es waren!<\/p>\n<p>Die meisten Menschen m\u00f6chten sich beim Lesen entspannen, und das gelingt nach einem anstrengenden Schultag, einem Tag im B\u00fcro, an der Uni oder sonst wo nur, wenn der Autor das auf Hochtouren gelaufene Leser-Hirn nicht neuerlich zum Kreiseln bringt und es Durch Schachtels\u00e4tze verwirrt. Informationen m\u00fcssen nicht in einen einzigen Satz gepackt werden. Ehrlich!<\/p>\n<p>Du hast die Charaktere als lebendige Wesen im Kopf, zeig das im Buch, indem sie mehr tun als zu sprechen und zu sehen: Sie tasten, sie riechen, sie schmecken, sie f\u00fchlen Dinge, und das muss zum Leser transportiert werden. Die f\u00fcnf Sinne des Menschen sollten auch im Buch genutzt werden.<\/p>\n<p>Nicht verschweigen m\u00f6chte ich, dass es gerade im Fantasy-Sektor gelegentlich erwartet wird, dass ein Werk hochtrabend, getragen, altert\u00fcmlich zu klingen hat. Diese Leser kommen beispielsweise mit Ulldart und den Zwergen-Romanen nicht zurecht.<\/p>\n<p>Was mal wieder beweist: Es ist Geschmackssache. Letztlich entscheidest Du, wie es klingen soll.<\/p>\n<p>Und versuche nicht &#8222;zu schreiben wie X oder Y&#8220;, es funktioniert eh nicht und au\u00dferdem GIBT es den Stil schon.<\/p>\n<p>Vorbilder sind was Sch\u00f6nes, aber mach Dich nicht zum Abziehbild. Selbst eine gelungene Kopie ist eine Kopie. Mehr nicht.<\/p>\n<p>Probiere aus, t\u00fcftele und finde Deinen eigenen Stil.<\/p>\n<p>Ach ja: Schreiben ist auch ein gutes St\u00fcck Disziplin.<\/p>\n<p>Man kann sich ein Tagespensum setzen. Bei mir sind es mindestens f\u00fcnf DinA4 Seiten pro Tag, mal ergeben sich mehr, mal funktioniert es auch gar nicht. Es gleicht sich meistens aus.<\/p>\n<p>Zudem ist es gut f\u00fcr einen Roman\/ eine Story, wenn der Autor konzentriert bei der Sache bleibt, man beh\u00e4lt die Zusammenh\u00e4nge besser in Erinnerung.<\/p>\n<h4>Fertig?<\/h4>\n<p>Noch lange nicht.<\/p>\n<p>Lass das Werk, wenn Du denkst, Du w\u00e4rst fertig, mal eine Woche lang liegen, mach was anderes und besch\u00e4ftige Dich nicht damit.<\/p>\n<p>DANN gehst Du wieder an die Sache und Du wirst sehen, es fallen Dir &#8222;Unebenheiten&#8220; auf, die Du vorher nicht gesehen hast.<\/p>\n<p>Die Zeit der \u00dcberarbeitung beginnt von neuem\u2026. Ich nenne es Feilen und Hobeln.<\/p>\n<p>Oft schreibe ich eine Szene runter und gehe sie noch mal durch, stelle S\u00e4tze um, verbessere sie, damit sie sch\u00f6ner klingen, Dialoge werden geschliffen, Aktionen anders beschrieben.<\/p>\n<p>Dabei ist das laute Vorlesen durchaus erlaubt, wenn Du der Meinung bist, dass die Stelle hakt. So h\u00f6rt man es einfach besser. Achte aber darauf, dass die Fenster geschlossen sind. Es kann bei den Nachbarn zur Verwirrung f\u00fchren.<\/p>\n<p>Hat Du die Story endlich fertig, sind die Testleser in Form von belesenen und ehrlichen (!) Freunden notwendig, die das Werk kritisch lesen, es mit Anmerkungen versehen oder in einer anderen Form R\u00fcckmeldung geben, was ihnen aufgefallen ist und was ihnen gar nicht gefallen hat.<\/p>\n<p>Sie sehen mehr als Du.<\/p>\n<p>Als Autor wird man sehr schnell textblind oder wei\u00df einfach zu viel \u00fcber die Welt, die man erschaffen hat. So nimmt man Dinge in der Handlung des Romans als Voraussetzung an, die der Leser nicht besitzt.<\/p>\n<p>H\u00f6re auf die Stimmen. :o)<\/p>\n<h4>Wohin mit dem Manuskript?<\/h4>\n<p>Ja, ich wei\u00df. Am besten zu einem Verlag.<\/p>\n<p>Wie Du an einen passenden Verlag kommst?<\/p>\n<p>Zum Gl\u00fcck gibt es die Frankfurter Buchmesse, und die wiederum hat eine tolle Website. Auf der kann man Verlage nach Genres auflisten lassen, und schon hat man eine enorme Auswahl an Kandidaten samt Anschrift.<\/p>\n<p>Praktisch, was? Einfach mal st\u00f6bern.<\/p>\n<p>Notfalls hilft auch der nette Buchh\u00e4ndler um die Ecke mit einem Verzeichnis aus. Bei der Gelegenheit kannst Du gleich einen Termin f\u00fcr eine Lesung vereinbaren. ;o)<\/p>\n<p>&nbsp;<\/p>\n<p>Um ein Manuskript anzupreisen, brauchst Du eine Portion Mut, Selbstvertrauen und:<\/p>\n<ul>\n<li>ein Exposee des Romans, das Du erstellst, indem Du Deine Stichwortgliederung ausformulierst und einen Gesamteindruck schaffst. Dazu f\u00fcgst Du noch eine kurze Beschreibung der Hauptpersonen hinzu<\/li>\n<li><span style=\"font-size: 1.0625rem;\">eine Leseprobe. Sie ist der K\u00f6der. Nimm eine Stelle, die Dir und Deinen Lesern sehr gut gefallen hat und die zirka 5 DinA4-Seiten Umfang hat, wenn der Verlag nichts dazu schreibt. Richte Dich ansonsten unbedingt nach deren Vorgaben auf der Website!<\/span><\/li>\n<li><span style=\"font-size: 1.0625rem;\">Das Format: 30 Zeilen pro Seite, 60 Zeichen (inklusive Leerzeichen) pro Zeile.<br \/>\n<\/span><span style=\"font-size: 1.0625rem;\">Die Leseprobe musst Du durchnummeriert haben. Noch besser ist, auf jede Seite auch noch Deinen Namen und die Kontaktadresse vermerken, falls die Leseprobe vom Anschreiben getrennt werden sollte.<\/span><\/li>\n<li><span style=\"font-size: 1.0625rem;\">ein Anschreiben, in dem Du Dich kurz vorstellst, den Umfang und die Art des Romans (Genre) sowie dein Zielpublikum erl\u00e4uterst.<\/span><\/li>\n<\/ul>\n<p>Wie gesagt: Richte Dich unbedingt nach den Vorgaben auf der Verlags-Website.<\/p>\n<h4>Und dann?<\/h4>\n<p>Warten. :o)<\/p>\n<p>Von Absagen blo\u00df nicht entmutigen lassen.<\/p>\n<p>Es gibt einen Kollegen, dessen Werk 40 Mal (!) von Verlagen abgelehnt wurde. Heute, zehn Jahre sp\u00e4ter, hat es sich 600000 Mal verkauft\u2026 Und auch bei einer Miss Rowling soll es nicht gleich auf Anhieb mit dem Verlag finden funktioniert haben, erz\u00e4hlt man sich.<\/p>\n<p>Durchhalten, lautet die Parole.<\/p>\n<p>Never surrender!<\/p>\n","protected":false},"excerpt":{"rendered":"<p>Fragen zum Schreiben ? Ich bin in der Vergangenheit schon mehrmals nach Tipps gefragt worden, WIE man einen Roman o.\u00e4. herangeht. So pauschal kann ich es nicht beantworten, aber ich beschreibe mal, wie ich es mache. Au\u00dferdem finden sich im Internet gute Ratschl\u00e4ge oder Inspirationen, wie man zu seinem eigenen<\/p>\n<div class=\"shariff shariff-align-flex-start shariff-widget-align-flex-start\"><ul class=\"shariff-buttons theme-round orientation-horizontal buttonsize-medium\"><li class=\"shariff-button facebook shariff-nocustomcolor\" style=\"background-color:#4273c8\"><a href=\"https:\/\/www.facebook.com\/sharer\/sharer.php?u=https%3A%2F%2Fwww.mahet.de%2F%3Fpage_id%3D74\" title=\"Bei Facebook teilen\" aria-label=\"Bei Facebook teilen\" role=\"button\" rel=\"nofollow\" class=\"shariff-link\" style=\"; background-color:#3b5998; color:#fff\" target=\"_blank\"><span class=\"shariff-icon\" style=\"\"><svg width=\"32px\" height=\"20px\" xmlns=\"http:\/\/www.w3.org\/2000\/svg\" viewBox=\"0 0 18 32\"><path fill=\"#3b5998\" d=\"M17.1 0.2v4.7h-2.8q-1.5 0-2.1 0.6t-0.5 1.9v3.4h5.2l-0.7 5.3h-4.5v13.6h-5.5v-13.6h-4.5v-5.3h4.5v-3.9q0-3.3 1.9-5.2t5-1.8q2.6 0 4.1 0.2z\"\/><\/svg><\/span><\/a><\/li><li class=\"shariff-button twitter shariff-nocustomcolor\" style=\"background-color:#595959\"><a href=\"https:\/\/twitter.com\/share?url=https%3A%2F%2Fwww.mahet.de%2F%3Fpage_id%3D74&text=Schreib-Tipps\" title=\"Bei X teilen\" aria-label=\"Bei X teilen\" role=\"button\" rel=\"noopener nofollow\" class=\"shariff-link\" style=\"; background-color:#000; color:#fff\" target=\"_blank\"><span class=\"shariff-icon\" style=\"\"><svg width=\"32px\" height=\"20px\" xmlns=\"http:\/\/www.w3.org\/2000\/svg\" viewBox=\"0 0 24 24\"><path fill=\"#000\" d=\"M14.258 10.152L23.176 0h-2.113l-7.747 8.813L7.133 0H0l9.352 13.328L0 23.973h2.113l8.176-9.309 6.531 9.309h7.133zm-2.895 3.293l-.949-1.328L2.875 1.56h3.246l6.086 8.523.945 1.328 7.91 11.078h-3.246zm0 0\"\/><\/svg><\/span><\/a><\/li><\/ul><\/div>","protected":false},"author":1,"featured_media":0,"parent":15,"menu_order":0,"comment_status":"closed","ping_status":"closed","template":"template-fullwidth.php","meta":{"footnotes":""},"class_list":["post-74","page","type-page","status-publish","hentry"],"_links":{"self":[{"href":"https:\/\/www.mahet.de\/index.php?rest_route=\/wp\/v2\/pages\/74","targetHints":{"allow":["GET"]}}],"collection":[{"href":"https:\/\/www.mahet.de\/index.php?rest_route=\/wp\/v2\/pages"}],"about":[{"href":"https:\/\/www.mahet.de\/index.php?rest_route=\/wp\/v2\/types\/page"}],"author":[{"embeddable":true,"href":"https:\/\/www.mahet.de\/index.php?rest_route=\/wp\/v2\/users\/1"}],"replies":[{"embeddable":true,"href":"https:\/\/www.mahet.de\/index.php?rest_route=%2Fwp%2Fv2%2Fcomments&post=74"}],"version-history":[{"count":3,"href":"https:\/\/www.mahet.de\/index.php?rest_route=\/wp\/v2\/pages\/74\/revisions"}],"predecessor-version":[{"id":807,"href":"https:\/\/www.mahet.de\/index.php?rest_route=\/wp\/v2\/pages\/74\/revisions\/807"}],"up":[{"embeddable":true,"href":"https:\/\/www.mahet.de\/index.php?rest_route=\/wp\/v2\/pages\/15"}],"wp:attachment":[{"href":"https:\/\/www.mahet.de\/index.php?rest_route=%2Fwp%2Fv2%2Fmedia&parent=74"}],"curies":[{"name":"wp","href":"https:\/\/api.w.org\/{rel}","templated":true}]}}